{"id":32615,"date":"2022-05-04T10:25:36","date_gmt":"2022-05-04T08:25:36","guid":{"rendered":"https:\/\/cresco-neuchatel.ch\/arbre-a-lolettes\/"},"modified":"2022-05-04T10:25:36","modified_gmt":"2022-05-04T08:25:36","slug":"arbre-a-lolettes","status":"publish","type":"page","link":"https:\/\/cresco-neuchatel.ch\/ti\/arbre-a-lolettes\/","title":{"rendered":"Arbre \u00e0 lolettes"},"content":{"rendered":"\t\t<div data-elementor-type=\"wp-page\" data-elementor-id=\"32615\" class=\"elementor elementor-32615 elementor-32213\" data-elementor-post-type=\"page\">\n\t\t\t\t\t\t<section class=\"elementor-section elementor-top-section elementor-element elementor-element-a4e7c11 elementor-section-boxed elementor-section-height-default elementor-section-height-default\" data-id=\"a4e7c11\" data-element_type=\"section\">\n\t\t\t\t\t\t<div class=\"elementor-container elementor-column-gap-default\">\n\t\t\t\t\t<div class=\"elementor-column elementor-col-50 elementor-top-column elementor-element elementor-element-5935fb9\" data-id=\"5935fb9\" data-element_type=\"column\">\n\t\t\t<div class=\"elementor-widget-wrap elementor-element-populated\">\n\t\t\t\t\t\t<div class=\"elementor-element elementor-element-3204294 elementor-widget elementor-widget-image\" data-id=\"3204294\" data-element_type=\"widget\" data-widget_type=\"image.default\">\n\t\t\t\t<div class=\"elementor-widget-container\">\n\t\t\t\t\t\t\t\t\t\t\t\t\t<img fetchpriority=\"high\" decoding=\"async\" width=\"640\" height=\"640\" src=\"https:\/\/cresco-neuchatel.ch\/wp-content\/uploads\/2022\/05\/picto_lolette.svg\" class=\"attachment-large size-large wp-image-32223\" alt=\"\" sizes=\"(max-width: 34.9rem) calc(100vw - 2rem), (max-width: 53rem) calc(8 * (100vw \/ 12)), (min-width: 53rem) calc(6 * (100vw \/ 12)), 100vw\" \/>\t\t\t\t\t\t\t\t\t\t\t\t\t<\/div>\n\t\t\t\t<\/div>\n\t\t\t\t\t<\/div>\n\t\t<\/div>\n\t\t\t\t<div class=\"elementor-column elementor-col-50 elementor-top-column elementor-element elementor-element-64db5a4\" data-id=\"64db5a4\" data-element_type=\"column\">\n\t\t\t<div class=\"elementor-widget-wrap elementor-element-populated\">\n\t\t\t\t\t\t<div class=\"elementor-element elementor-element-6ac3dbd elementor-widget elementor-widget-heading\" data-id=\"6ac3dbd\" data-element_type=\"widget\" data-widget_type=\"heading.default\">\n\t\t\t\t<div class=\"elementor-widget-container\">\n\t\t\t<h2 class=\"elementor-heading-title elementor-size-default\">Arbre \u00e0 lolettes<\/h2>\t\t<\/div>\n\t\t\t\t<\/div>\n\t\t\t\t\t<\/div>\n\t\t<\/div>\n\t\t\t\t\t<\/div>\n\t\t<\/section>\n\t\t\t\t<section class=\"elementor-section elementor-top-section elementor-element elementor-element-3c75bfd elementor-section-boxed elementor-section-height-default elementor-section-height-default\" data-id=\"3c75bfd\" data-element_type=\"section\">\n\t\t\t\t\t\t<div class=\"elementor-container elementor-column-gap-wider\">\n\t\t\t\t\t<div class=\"elementor-column elementor-col-50 elementor-top-column elementor-element elementor-element-7621633\" data-id=\"7621633\" data-element_type=\"column\">\n\t\t\t<div class=\"elementor-widget-wrap elementor-element-populated\">\n\t\t\t\t\t\t<div class=\"elementor-element elementor-element-1db19b4 elementor-widget elementor-widget-text-editor\" data-id=\"1db19b4\" data-element_type=\"widget\" data-widget_type=\"text-editor.default\">\n\t\t\t\t<div class=\"elementor-widget-container\">\n\t\t\t\t\t\t\t<h1>Le projet <\/h1><p>La lolette permet de calmer et de rassurer le petit enfant. La lolette est r\u00e9confortante et calme le r\u00e9flexe de succion.\u00a0 \u00c0 partir de deux ans, l\u2019enfant devrait progressivement se d\u00e9tacher de sa lolette apaisante, principalement pour le bien de ses dents et aussi pour le d\u00e9veloppement de son langage.<\/p><p>Le sevrage se complique avec l\u2019\u00e2ge et il gagne en importance : sucer une lolette ou son pouce apr\u00e8s l\u2019apparition des dents permanentes laisse g\u00e9n\u00e9ralement des s\u00e9quelles que le m\u00e9decin-dentiste sp\u00e9cialis\u00e9 devra corriger et aussi de participer \u00e0 des s\u00e9ances d\u2019orthophonie.<\/p><p>Pour la plupart des enfants, il est tr\u00e8s difficile de se s\u00e9parer de sa lolette. C\u2019est pourquoi \u00e0 travers le jeu, l\u2019enfant arrive plus facilement \u00e0 se d\u00e9tacher d\u2019elle.<\/p><p>Pour se faire, les sp\u00e9cialistes d\u00e9conseillent de simplement jeter la lolette ou de l\u2019enduire d\u2019un gel au go\u00fbt amer, par exemple. Mais m\u00eame pr\u00e8s \u00e0 un sevrage progressif, le moment de la s\u00e9paration d\u00e9finitive finit par arriver un jour. C\u2019est un cap tr\u00e8s difficile \u00e0 franchir pour beaucoup d\u2019enfants. Ils doivent y \u00eatre pr\u00e9par\u00e9s et, dans le meilleur des cas, choisir eux-m\u00eames le moment de la s\u00e9paration. De nombreuses familles marquent ce passage de diff\u00e9rentes fa\u00e7ons.<\/p><p>Avec ce projet \u00ab Arbre \u00e0 Lolettes \u00bb on propose que les enfants accrochent librement leur derni\u00e8re lolette et vivre ainsi cette transition en douceur.<\/p><h1>\u00a0<\/h1><h1>Ce projet a comme objectifs\u00a0:<\/h1><ul><li>Motiver l\u2019enfant \u00e0 arr\u00eater la lolette \u00e0 travers diff\u00e9rentes activit\u00e9s ludiques\u00a0(l\u2019histoire, la chanson et les images.)<\/li><li>Sensibiliser les parents \u00e0 la pr\u00e9vention orthodontique<\/li><li>\u00c9viter les <a href=\"https:\/\/naitreetgrandir.com\/fr\/etape\/1_3_ans\/langage\/fiche.aspx?doc=ik-naitre-grandir-parole-langage-question-de-parent\">troubles de la parole<\/a> et de l\u2019\u00e9locution (zozotement).<\/li><li>Mise en place d\u2019un rituel qui s\u00e9curise l\u2019enfant au niveau affectif et physique.<\/li><\/ul>\t\t\t\t\t\t<\/div>\n\t\t\t\t<\/div>\n\t\t\t\t\t<\/div>\n\t\t<\/div>\n\t\t\t\t<div class=\"elementor-column elementor-col-50 elementor-top-column elementor-element elementor-element-7f614ae\" data-id=\"7f614ae\" data-element_type=\"column\">\n\t\t\t<div class=\"elementor-widget-wrap elementor-element-populated\">\n\t\t\t\t\t\t<div class=\"elementor-element elementor-element-8c982d4 elementor-widget elementor-widget-text-editor\" data-id=\"8c982d4\" data-element_type=\"widget\" data-widget_type=\"text-editor.default\">\n\t\t\t\t<div class=\"elementor-widget-container\">\n\t\t\t\t\t\t\t<h1>\u00a0<\/h1>\t\t\t\t\t\t<\/div>\n\t\t\t\t<\/div>\n\t\t\t\t<div class=\"elementor-element elementor-element-3844aa8 elementor-widget elementor-widget-video\" data-id=\"3844aa8\" data-element_type=\"widget\" data-settings=\"{&quot;youtube_url&quot;:&quot;https:\\\/\\\/www.youtube.com\\\/watch?v=SPMQl_Q_emM&quot;,&quot;modestbranding&quot;:&quot;yes&quot;,&quot;video_type&quot;:&quot;youtube&quot;,&quot;controls&quot;:&quot;yes&quot;}\" data-widget_type=\"video.default\">\n\t\t\t\t<div class=\"elementor-widget-container\">\n\t\t\t\t\t<div class=\"elementor-wrapper elementor-open-inline\">\n\t\t\t<div class=\"elementor-video\"><\/div>\t\t<\/div>\n\t\t\t\t<\/div>\n\t\t\t\t<\/div>\n\t\t\t\t<div class=\"elementor-element elementor-element-a703fe3 elementor-widget elementor-widget-wp-widget-media_audio\" data-id=\"a703fe3\" data-element_type=\"widget\" data-widget_type=\"wp-widget-media_audio.default\">\n\t\t\t\t<div class=\"elementor-widget-container\">\n\t\t\t<h5>&#8220;L&#8217;arbre \u00e0 lolettes&#8221;<\/h5><!--[if lt IE 9]><script>document.createElement('audio');<\/script><![endif]-->\n<audio class=\"wp-audio-shortcode\" id=\"audio-32615-1\" preload=\"none\" style=\"width: 100%;\" controls=\"controls\"><source type=\"audio\/mpeg\" src=\"https:\/\/cresco-neuchatel.ch\/wp-content\/uploads\/2022\/05\/Larbre-a\u0300-lolette.mp3?_=1\" \/><source type=\"audio\/mpeg\" src=\"https:\/\/cresco-neuchatel.ch\/wp-content\/uploads\/2022\/05\/Larbre-a\u0300-lolette.mp3?_=1\" \/><a href=\"https:\/\/cresco-neuchatel.ch\/wp-content\/uploads\/2022\/05\/Larbre-a\u0300-lolette.mp3\">https:\/\/cresco-neuchatel.ch\/wp-content\/uploads\/2022\/05\/Larbre-a\u0300-lolette.mp3<\/a><\/audio>\t\t<\/div>\n\t\t\t\t<\/div>\n\t\t\t\t<div class=\"elementor-element elementor-element-849b1e5 elementor-widget elementor-widget-button\" data-id=\"849b1e5\" data-element_type=\"widget\" data-widget_type=\"button.default\">\n\t\t\t\t<div class=\"elementor-widget-container\">\n\t\t\t\t\t<div class=\"elementor-button-wrapper\">\n\t\t\t<a class=\"elementor-button elementor-button-link elementor-size-xl elementor-animation-grow\" href=\"https:\/\/cresco-neuchatel.ch\/wp-content\/uploads\/2022\/05\/2022_Arbre_Lolettes_Chanson.pdf\">\n\t\t\t\t\t\t<span class=\"elementor-button-content-wrapper\">\n\t\t\t\t\t\t<span class=\"elementor-button-icon elementor-align-icon-left\">\n\t\t\t\t<i aria-hidden=\"true\" class=\"fas fa-music\"><\/i>\t\t\t<\/span>\n\t\t\t\t\t\t\t\t\t<span class=\"elementor-button-text\">T\u00e9l\u00e9charge les paroles de la chanson<\/span>\n\t\t\t\t\t<\/span>\n\t\t\t\t\t<\/a>\n\t\t<\/div>\n\t\t\t\t<\/div>\n\t\t\t\t<\/div>\n\t\t\t\t<div class=\"elementor-element elementor-element-b9d7e21 elementor-align-left elementor-widget elementor-widget-button\" data-id=\"b9d7e21\" data-element_type=\"widget\" data-widget_type=\"button.default\">\n\t\t\t\t<div class=\"elementor-widget-container\">\n\t\t\t\t\t<div class=\"elementor-button-wrapper\">\n\t\t\t<a class=\"elementor-button elementor-button-link elementor-size-xl elementor-animation-grow\" href=\"https:\/\/cresco-neuchatel.ch\/wp-content\/uploads\/2022\/05\/2022_Arbre_Lolettes_Histoire-1.pdf\">\n\t\t\t\t\t\t<span class=\"elementor-button-content-wrapper\">\n\t\t\t\t\t\t<span class=\"elementor-button-icon elementor-align-icon-left\">\n\t\t\t\t<i aria-hidden=\"true\" class=\"fas fa-book-open\"><\/i>\t\t\t<\/span>\n\t\t\t\t\t\t\t\t\t<span class=\"elementor-button-text\">T\u00e9l\u00e9charge l'histoire<\/span>\n\t\t\t\t\t<\/span>\n\t\t\t\t\t<\/a>\n\t\t<\/div>\n\t\t\t\t<\/div>\n\t\t\t\t<\/div>\n\t\t\t\t<div class=\"elementor-element elementor-element-a4d4e5e elementor-widget elementor-widget-button\" data-id=\"a4d4e5e\" data-element_type=\"widget\" data-widget_type=\"button.default\">\n\t\t\t\t<div class=\"elementor-widget-container\">\n\t\t\t\t\t<div class=\"elementor-button-wrapper\">\n\t\t\t<a class=\"elementor-button elementor-button-link elementor-size-xl elementor-animation-grow\" href=\"https:\/\/cresco-neuchatel.ch\/wp-content\/uploads\/2022\/05\/2022_Arbre_Lolettes_Diplome_.pdf\">\n\t\t\t\t\t\t<span class=\"elementor-button-content-wrapper\">\n\t\t\t\t\t\t<span class=\"elementor-button-icon elementor-align-icon-left\">\n\t\t\t\t<i aria-hidden=\"true\" class=\"fas fa-certificate\"><\/i>\t\t\t<\/span>\n\t\t\t\t\t\t\t\t\t<span class=\"elementor-button-text\">T\u00e9l\u00e9charge ton dipl\u00f4me<\/span>\n\t\t\t\t\t<\/span>\n\t\t\t\t\t<\/a>\n\t\t<\/div>\n\t\t\t\t<\/div>\n\t\t\t\t<\/div>\n\t\t\t\t\t<\/div>\n\t\t<\/div>\n\t\t\t\t\t<\/div>\n\t\t<\/section>\n\t\t\t\t<section class=\"elementor-section elementor-top-section elementor-element elementor-element-c9ad9f9 elementor-section-boxed elementor-section-height-default elementor-section-height-default\" data-id=\"c9ad9f9\" data-element_type=\"section\">\n\t\t\t\t\t\t<div class=\"elementor-container elementor-column-gap-default\">\n\t\t\t\t\t<div class=\"elementor-column elementor-col-100 elementor-top-column elementor-element elementor-element-d78da74\" data-id=\"d78da74\" data-element_type=\"column\" data-settings=\"{&quot;background_background&quot;:&quot;classic&quot;}\">\n\t\t\t<div class=\"elementor-widget-wrap elementor-element-populated\">\n\t\t\t\t\t\t<section class=\"elementor-section elementor-inner-section elementor-element elementor-element-5ead98d elementor-section-boxed elementor-section-height-default elementor-section-height-default\" data-id=\"5ead98d\" data-element_type=\"section\">\n\t\t\t\t\t\t<div class=\"elementor-container elementor-column-gap-default\">\n\t\t\t\t\t<div class=\"elementor-column elementor-col-100 elementor-inner-column elementor-element elementor-element-9fae21b\" data-id=\"9fae21b\" data-element_type=\"column\">\n\t\t\t<div class=\"elementor-widget-wrap elementor-element-populated\">\n\t\t\t\t\t\t<div class=\"elementor-element elementor-element-2a6d7f3 elementor-widget elementor-widget-text-editor\" data-id=\"2a6d7f3\" data-element_type=\"widget\" data-widget_type=\"text-editor.default\">\n\t\t\t\t<div class=\"elementor-widget-container\">\n\t\t\t\t\t\t\t<h1><span style=\"color: #ffffff;\">situation des arbres \u00e0 loletteS<\/span><\/h1>\t\t\t\t\t\t<\/div>\n\t\t\t\t<\/div>\n\t\t\t\t\t<\/div>\n\t\t<\/div>\n\t\t\t\t\t<\/div>\n\t\t<\/section>\n\t\t\t\t<section class=\"elementor-section elementor-inner-section elementor-element elementor-element-b25c2ab elementor-section-boxed elementor-section-height-default elementor-section-height-default\" data-id=\"b25c2ab\" data-element_type=\"section\">\n\t\t\t\t\t\t<div class=\"elementor-container elementor-column-gap-default\">\n\t\t\t\t\t<div class=\"elementor-column elementor-col-50 elementor-inner-column elementor-element elementor-element-a092209\" data-id=\"a092209\" data-element_type=\"column\">\n\t\t\t<div class=\"elementor-widget-wrap elementor-element-populated\">\n\t\t\t\t\t\t<div class=\"elementor-element elementor-element-5f11dca elementor-widget elementor-widget-text-editor\" data-id=\"5f11dca\" data-element_type=\"widget\" data-widget_type=\"text-editor.default\">\n\t\t\t\t<div class=\"elementor-widget-container\">\n\t\t\t\t\t\t\t<p><span style=\"color: #ffffff;\"><strong>Cr\u00e8che Communale Du Chat Telot<\/strong><\/span><span style=\"color: #ffffff;\"><br \/>Rue du Ch\u00e2telot<\/span><span style=\"color: #ffffff;\"><br \/>La Chaux-de-Fonds<\/span><\/p>\t\t\t\t\t\t<\/div>\n\t\t\t\t<\/div>\n\t\t\t\t<div class=\"elementor-element elementor-element-456359e elementor-widget elementor-widget-html\" data-id=\"456359e\" data-element_type=\"widget\" data-widget_type=\"html.default\">\n\t\t\t\t<div class=\"elementor-widget-container\">\n\t\t\t<iframe width='100%' height='400px' src=\"https:\/\/api.mapbox.com\/styles\/v1\/elterotoi\/cl31ebtmi003b14mmbk4rqyfb.html?title=false&access_token=pk.eyJ1IjoiZWx0ZXJvdG9pIiwiYSI6ImNqdGFhOHJwZDAzdnUzeW56cTF1Y2VxbTUifQ.ztesBsto76EhKl1fykW9-Q&zoomwheel=false#16.83\/47.091111\/6.807827\" title=\"cresco\" style=\"border:none;\"><\/iframe>\t\t<\/div>\n\t\t\t\t<\/div>\n\t\t\t\t\t<\/div>\n\t\t<\/div>\n\t\t\t\t<div class=\"elementor-column elementor-col-50 elementor-inner-column elementor-element elementor-element-4b7a7d1\" data-id=\"4b7a7d1\" data-element_type=\"column\">\n\t\t\t<div class=\"elementor-widget-wrap elementor-element-populated\">\n\t\t\t\t\t\t<div class=\"elementor-element elementor-element-8ad29fc elementor-widget elementor-widget-text-editor\" data-id=\"8ad29fc\" data-element_type=\"widget\" data-widget_type=\"text-editor.default\">\n\t\t\t\t<div class=\"elementor-widget-container\">\n\t\t\t\t\t\t\t<p><span style=\"color: #ffffff;\"><strong>Cr\u00e8che communale Ferme Gallet<br \/><\/strong>D.P. Bourquin 57<\/span><br \/><span style=\"color: #ffffff;\">2300 La Chaux-de-Fonds<\/span><\/p>\t\t\t\t\t\t<\/div>\n\t\t\t\t<\/div>\n\t\t\t\t<div class=\"elementor-element elementor-element-da67ebd elementor-widget elementor-widget-html\" data-id=\"da67ebd\" data-element_type=\"widget\" data-widget_type=\"html.default\">\n\t\t\t\t<div class=\"elementor-widget-container\">\n\t\t\t<iframe width='100%' height='400px' src=\"https:\/\/api.mapbox.com\/styles\/v1\/elterotoi\/cl32s4wgn000814mkird59wzq.html?title=false&access_token=pk.eyJ1IjoiZWx0ZXJvdG9pIiwiYSI6ImNqdGFhOHJwZDAzdnUzeW56cTF1Y2VxbTUifQ.ztesBsto76EhKl1fykW9-Q&zoomwheel=false#17.96\/47.096252\/6.827342\" title=\"cresco-copy\" style=\"border:none;\"><\/iframe>\t\t<\/div>\n\t\t\t\t<\/div>\n\t\t\t\t\t<\/div>\n\t\t<\/div>\n\t\t\t\t\t<\/div>\n\t\t<\/section>\n\t\t\t\t\t<\/div>\n\t\t<\/div>\n\t\t\t\t\t<\/div>\n\t\t<\/section>\n\t\t\t\t<section class=\"elementor-section elementor-top-section elementor-element elementor-element-4706f69 elementor-section-boxed elementor-section-height-default elementor-section-height-default\" data-id=\"4706f69\" data-element_type=\"section\">\n\t\t\t\t\t\t<div class=\"elementor-container elementor-column-gap-default\">\n\t\t\t\t\t<div class=\"elementor-column elementor-col-100 elementor-top-column elementor-element elementor-element-4b16e64\" data-id=\"4b16e64\" data-element_type=\"column\">\n\t\t\t<div class=\"elementor-widget-wrap elementor-element-populated\">\n\t\t\t\t\t\t<div class=\"elementor-element elementor-element-3cbe813 elementor-widget elementor-widget-spacer\" data-id=\"3cbe813\" data-element_type=\"widget\" data-widget_type=\"spacer.default\">\n\t\t\t\t<div class=\"elementor-widget-container\">\n\t\t\t\t\t<div class=\"elementor-spacer\">\n\t\t\t<div class=\"elementor-spacer-inner\"><\/div>\n\t\t<\/div>\n\t\t\t\t<\/div>\n\t\t\t\t<\/div>\n\t\t\t\t\t<\/div>\n\t\t<\/div>\n\t\t\t\t\t<\/div>\n\t\t<\/section>\n\t\t\t\t<\/div>\n\t\t","protected":false},"excerpt":{"rendered":"<p>Arbre \u00e0 lolettes Le projet La lolette permet de calmer et de rassurer le petit enfant. La lolette est r\u00e9confortante et calme le r\u00e9flexe de succion.\u00a0 \u00c0 partir de deux ans, l\u2019enfant devrait progressivement se d\u00e9tacher de sa lolette apaisante, principalement pour le bien de ses dents et aussi pour le d\u00e9veloppement de son langage. &hellip; <\/p>\n<p class=\"link-more\"><a href=\"https:\/\/cresco-neuchatel.ch\/ti\/arbre-a-lolettes\/\" class=\"more-link\">Continue reading<span class=\"screen-reader-text\"> &#8220;Arbre \u00e0 lolettes&#8221;<\/span><\/a><\/p>\n","protected":false},"author":1,"featured_media":0,"parent":0,"menu_order":0,"comment_status":"closed","ping_status":"closed","template":"elementor_header_footer","meta":{"inline_featured_image":false,"footnotes":""},"jetpack_sharing_enabled":true,"_links":{"self":[{"href":"https:\/\/cresco-neuchatel.ch\/ti\/wp-json\/wp\/v2\/pages\/32615"}],"collection":[{"href":"https:\/\/cresco-neuchatel.ch\/ti\/wp-json\/wp\/v2\/pages"}],"about":[{"href":"https:\/\/cresco-neuchatel.ch\/ti\/wp-json\/wp\/v2\/types\/page"}],"author":[{"embeddable":true,"href":"https:\/\/cresco-neuchatel.ch\/ti\/wp-json\/wp\/v2\/users\/1"}],"replies":[{"embeddable":true,"href":"https:\/\/cresco-neuchatel.ch\/ti\/wp-json\/wp\/v2\/comments?post=32615"}],"version-history":[{"count":0,"href":"https:\/\/cresco-neuchatel.ch\/ti\/wp-json\/wp\/v2\/pages\/32615\/revisions"}],"wp:attachment":[{"href":"https:\/\/cresco-neuchatel.ch\/ti\/wp-json\/wp\/v2\/media?parent=32615"}],"curies":[{"name":"wp","href":"https:\/\/api.w.org\/{rel}","templated":true}]}}