{"id":31333,"date":"2020-01-23T17:40:59","date_gmt":"2020-01-23T16:40:59","guid":{"rendered":"https:\/\/cresco-neuchatel.ch\/lista-das-bibliotecas\/"},"modified":"2020-01-23T17:41:00","modified_gmt":"2020-01-23T16:41:00","slug":"lista-das-bibliotecas","status":"publish","type":"page","link":"https:\/\/cresco-neuchatel.ch\/pt-pt\/lista-das-bibliotecas\/","title":{"rendered":"Lista das bibliotecas"},"content":{"rendered":"\t\t<div data-elementor-type=\"wp-post\" data-elementor-id=\"31333\" class=\"elementor elementor-31333 elementor-29483\" data-elementor-post-type=\"page\">\n\t\t\t\t\t\t<section class=\"elementor-section elementor-top-section elementor-element elementor-element-0f7f64b elementor-section-boxed elementor-section-height-default elementor-section-height-default\" data-id=\"0f7f64b\" data-element_type=\"section\">\n\t\t\t\t\t\t<div class=\"elementor-container elementor-column-gap-default\">\n\t\t\t\t\t<div class=\"elementor-column elementor-col-100 elementor-top-column elementor-element elementor-element-6fc7999\" data-id=\"6fc7999\" data-element_type=\"column\">\n\t\t\t<div class=\"elementor-widget-wrap elementor-element-populated\">\n\t\t\t\t\t\t<section class=\"elementor-section elementor-inner-section elementor-element elementor-element-7fe5508 elementor-section-boxed elementor-section-height-default elementor-section-height-default\" data-id=\"7fe5508\" data-element_type=\"section\">\n\t\t\t\t\t\t<div class=\"elementor-container elementor-column-gap-default\">\n\t\t\t\t\t<div class=\"elementor-column elementor-col-50 elementor-inner-column elementor-element elementor-element-dd5a1ac\" data-id=\"dd5a1ac\" data-element_type=\"column\">\n\t\t\t<div class=\"elementor-widget-wrap elementor-element-populated\">\n\t\t\t\t\t\t<div class=\"elementor-element elementor-element-d3082ae elementor-widget elementor-widget-image\" data-id=\"d3082ae\" data-element_type=\"widget\" data-widget_type=\"image.default\">\n\t\t\t\t<div class=\"elementor-widget-container\">\n\t\t\t\t\t\t\t\t\t\t\t\t\t<img decoding=\"async\" width=\"1\" height=\"1\" src=\"https:\/\/cresco-neuchatel.ch\/wp-content\/uploads\/2019\/08\/picto_book2.svg\" class=\"attachment-large size-large wp-image-30995\" alt=\"Lista das bibliotecas\" sizes=\"(max-width: 34.9rem) calc(100vw - 2rem), (max-width: 53rem) calc(8 * (100vw \/ 12)), (min-width: 53rem) calc(6 * (100vw \/ 12)), 100vw\" \/>\t\t\t\t\t\t\t\t\t\t\t\t\t<\/div>\n\t\t\t\t<\/div>\n\t\t\t\t\t<\/div>\n\t\t<\/div>\n\t\t\t\t<div class=\"elementor-column elementor-col-50 elementor-inner-column elementor-element elementor-element-37de152\" data-id=\"37de152\" data-element_type=\"column\">\n\t\t\t<div class=\"elementor-widget-wrap elementor-element-populated\">\n\t\t\t\t\t\t<div class=\"elementor-element elementor-element-c293c34 elementor-widget elementor-widget-heading\" data-id=\"c293c34\" data-element_type=\"widget\" data-widget_type=\"heading.default\">\n\t\t\t\t<div class=\"elementor-widget-container\">\n\t\t\t<h1 class=\"elementor-heading-title elementor-size-default\">Lista das bibliotecas<\/h1>\t\t<\/div>\n\t\t\t\t<\/div>\n\t\t\t\t\t<\/div>\n\t\t<\/div>\n\t\t\t\t\t<\/div>\n\t\t<\/section>\n\t\t\t\t\t<\/div>\n\t\t<\/div>\n\t\t\t\t\t<\/div>\n\t\t<\/section>\n\t\t\t\t<section class=\"elementor-section elementor-top-section elementor-element elementor-element-6c32370 elementor-section-boxed elementor-section-height-default elementor-section-height-default\" data-id=\"6c32370\" data-element_type=\"section\">\n\t\t\t\t\t\t<div class=\"elementor-container elementor-column-gap-default\">\n\t\t\t\t\t<div class=\"elementor-column elementor-col-50 elementor-top-column elementor-element elementor-element-84678e5\" data-id=\"84678e5\" data-element_type=\"column\">\n\t\t\t<div class=\"elementor-widget-wrap elementor-element-populated\">\n\t\t\t\t\t\t<div class=\"elementor-element elementor-element-335f406 elementor-widget elementor-widget-text-editor\" data-id=\"335f406\" data-element_type=\"widget\" data-widget_type=\"text-editor.default\">\n\t\t\t\t<div class=\"elementor-widget-container\">\n\t\t\t\t\t\t\t<p>Esta p\u00e1gina prop\u00f5e t\u00edtulos de livros \u00e0s fam\u00edlias e profissionais relativos \u00e0 tem\u00e1tica da interculturalidade.<\/p>\n<p>As bibliotecas dos Jovens do cant\u00e3o de Neuch\u00e2tel (Jeunes du canton de Neuch\u00e2tel) prop\u00f5em ali\u00e1s um grande n\u00famero de obras em differentes l\u00ednguas. Alguns endere\u00e7os\u00a0:<\/p>\n\t\t\t\t\t\t<\/div>\n\t\t\t\t<\/div>\n\t\t\t\t<div class=\"elementor-element elementor-element-47a84e2 liste-icone-lineheight elementor-icon-list--layout-traditional elementor-list-item-link-full_width elementor-widget elementor-widget-icon-list\" data-id=\"47a84e2\" data-element_type=\"widget\" data-widget_type=\"icon-list.default\">\n\t\t\t\t<div class=\"elementor-widget-container\">\n\t\t\t\t\t<ul class=\"elementor-icon-list-items\">\n\t\t\t\t\t\t\t<li class=\"elementor-icon-list-item\">\n\t\t\t\t\t\t\t\t\t\t\t<a href=\"http:\/\/www.bjcf.ch\/\" target=\"_blank\">\n\n\t\t\t\t\t\t\t\t\t\t\t\t<span class=\"elementor-icon-list-icon\">\n\t\t\t\t\t\t\t\t\t\t\t\t\t\t\t\t<i class=\"fa fa-long-arrow-right\" aria-hidden=\"true\"><\/i>\n\t\t\t\t\t\t\t\t\t\t\t\t\t<\/span>\n\t\t\t\t\t\t\t\t\t\t<span class=\"elementor-icon-list-text\">Em La Chaux-de-Fonds: <\/span>\n\t\t\t\t\t\t\t\t\t\t\t<\/a>\n\t\t\t\t\t\t\t\t\t<\/li>\n\t\t\t\t\t\t\t\t<li class=\"elementor-icon-list-item\">\n\t\t\t\t\t\t\t\t\t\t\t<a href=\"http:\/\/www.bibliotheque-pestalozzi.ch\" target=\"_blank\">\n\n\t\t\t\t\t\t\t\t\t\t\t\t<span class=\"elementor-icon-list-icon\">\n\t\t\t\t\t\t\t\t\t\t\t\t\t\t\t\t<i class=\"fa fa-long-arrow-right\" aria-hidden=\"true\"><\/i>\n\t\t\t\t\t\t\t\t\t\t\t\t\t<\/span>\n\t\t\t\t\t\t\t\t\t\t<span class=\"elementor-icon-list-text\">Em Neuch\u00e2tel : <\/span>\n\t\t\t\t\t\t\t\t\t\t\t<\/a>\n\t\t\t\t\t\t\t\t\t<\/li>\n\t\t\t\t\t\t\t\t<li class=\"elementor-icon-list-item\">\n\t\t\t\t\t\t\t\t\t\t\t<a href=\"http:\/\/www.lelocle.ch\/qualitedevie\/culture-et-%20manifestations\/bibliotheques\/bibliotheque-des-jeunes\/\" target=\"_blank\">\n\n\t\t\t\t\t\t\t\t\t\t\t\t<span class=\"elementor-icon-list-icon\">\n\t\t\t\t\t\t\t\t\t\t\t\t\t\t\t\t<i class=\"fa fa-long-arrow-right\" aria-hidden=\"true\"><\/i>\n\t\t\t\t\t\t\t\t\t\t\t\t\t<\/span>\n\t\t\t\t\t\t\t\t\t\t<span class=\"elementor-icon-list-text\">Ao Locle : <\/span>\n\t\t\t\t\t\t\t\t\t\t\t<\/a>\n\t\t\t\t\t\t\t\t\t<\/li>\n\t\t\t\t\t\t<\/ul>\n\t\t\t\t<\/div>\n\t\t\t\t<\/div>\n\t\t\t\t<div class=\"elementor-element elementor-element-eefc0ca elementor-widget elementor-widget-text-editor\" data-id=\"eefc0ca\" data-element_type=\"widget\" data-widget_type=\"text-editor.default\">\n\t\t\t\t<div class=\"elementor-widget-container\">\n\t\t\t\t\t\t\t<p>Para mais informa\u00e7\u00f5es sobre a leitura e a crian\u00e7a\u00a0:<\/p>\n<p>Nascido para ler\u00a0: \u00a0<a href=\"http:\/\/www.nepourlire.ch\/\">http:\/\/www.nepourlire.ch<\/a> (Folheto explicativo em multil\u00ednguas)\u00a0: <a href=\"http:\/\/www.nepourlire.ch\/buchstart\/fr\/soutien_materiel\/documents\/depliant_multilingue.pdf\">http:\/\/www.nepourlire.ch\/buchstart\/fr\/soutien_materiel\/documents\/depliant_multilingue.pdf<\/a>)<\/p>\n\t\t\t\t\t\t<\/div>\n\t\t\t\t<\/div>\n\t\t\t\t<div class=\"elementor-element elementor-element-a52c9f3 elementor-widget elementor-widget-text-editor\" data-id=\"a52c9f3\" data-element_type=\"widget\" data-widget_type=\"text-editor.default\">\n\t\t\t\t<div class=\"elementor-widget-container\">\n\t\t\t\t\t\t\t<p>Finalmente, Bibliomundo (Bibliomonde) \u00e9 uma biblioteca intercultural, que permite aos numerosos alofones da regi\u00e3o de guardar um contacto com a cultura e a l\u00edngua escrita que lhes pertence e de se familiarizar com a l\u00edngua franc\u00easa. <a href=\"http:\/\/bibliomonde.ch\/\">http:\/\/bibliomonde.ch\/<\/a><\/p>\n\t\t\t\t\t\t<\/div>\n\t\t\t\t<\/div>\n\t\t\t\t\t<\/div>\n\t\t<\/div>\n\t\t\t\t<div class=\"elementor-column elementor-col-50 elementor-top-column elementor-element elementor-element-6ebd16f\" data-id=\"6ebd16f\" data-element_type=\"column\">\n\t\t\t<div class=\"elementor-widget-wrap\">\n\t\t\t\t\t\t\t<\/div>\n\t\t<\/div>\n\t\t\t\t\t<\/div>\n\t\t<\/section>\n\t\t\t\t<\/div>\n\t\t","protected":false},"excerpt":{"rendered":"<p>Lista das bibliotecas Esta p\u00e1gina prop\u00f5e t\u00edtulos de livros \u00e0s fam\u00edlias e profissionais relativos \u00e0 tem\u00e1tica da interculturalidade. As bibliotecas dos Jovens do cant\u00e3o de Neuch\u00e2tel (Jeunes du canton de Neuch\u00e2tel) prop\u00f5em ali\u00e1s um grande n\u00famero de obras em differentes l\u00ednguas. Alguns endere\u00e7os\u00a0: Em La Chaux-de-Fonds: Em Neuch\u00e2tel : Ao Locle : Para mais informa\u00e7\u00f5es &hellip; <\/p>\n<p class=\"link-more\"><a href=\"https:\/\/cresco-neuchatel.ch\/pt-pt\/lista-das-bibliotecas\/\" class=\"more-link\">Continuar a ler <span class=\"screen-reader-text\">&#8220;Lista das bibliotecas&#8221;<\/span><\/a><\/p>\n","protected":false},"author":1,"featured_media":0,"parent":0,"menu_order":0,"comment_status":"closed","ping_status":"closed","template":"elementor_header_footer","meta":{"inline_featured_image":false,"footnotes":""},"jetpack_sharing_enabled":true,"_links":{"self":[{"href":"https:\/\/cresco-neuchatel.ch\/pt-pt\/wp-json\/wp\/v2\/pages\/31333"}],"collection":[{"href":"https:\/\/cresco-neuchatel.ch\/pt-pt\/wp-json\/wp\/v2\/pages"}],"about":[{"href":"https:\/\/cresco-neuchatel.ch\/pt-pt\/wp-json\/wp\/v2\/types\/page"}],"author":[{"embeddable":true,"href":"https:\/\/cresco-neuchatel.ch\/pt-pt\/wp-json\/wp\/v2\/users\/1"}],"replies":[{"embeddable":true,"href":"https:\/\/cresco-neuchatel.ch\/pt-pt\/wp-json\/wp\/v2\/comments?post=31333"}],"version-history":[{"count":1,"href":"https:\/\/cresco-neuchatel.ch\/pt-pt\/wp-json\/wp\/v2\/pages\/31333\/revisions"}],"predecessor-version":[{"id":31334,"href":"https:\/\/cresco-neuchatel.ch\/pt-pt\/wp-json\/wp\/v2\/pages\/31333\/revisions\/31334"}],"wp:attachment":[{"href":"https:\/\/cresco-neuchatel.ch\/pt-pt\/wp-json\/wp\/v2\/media?parent=31333"}],"curies":[{"name":"wp","href":"https:\/\/api.w.org\/{rel}","templated":true}]}}