{"id":31329,"date":"2020-01-23T17:24:50","date_gmt":"2020-01-23T16:24:50","guid":{"rendered":"https:\/\/cresco-neuchatel.ch\/acolho\/"},"modified":"2020-01-23T17:24:51","modified_gmt":"2020-01-23T16:24:51","slug":"acolho","status":"publish","type":"page","link":"https:\/\/cresco-neuchatel.ch\/pt-pt\/","title":{"rendered":"Acolho"},"content":{"rendered":"\t\t<div data-elementor-type=\"wp-post\" data-elementor-id=\"31329\" class=\"elementor elementor-31329 elementor-28852\" data-elementor-post-type=\"page\">\n\t\t\t\t\t\t<section class=\"elementor-section elementor-top-section elementor-element elementor-element-36e6869 elementor-section-boxed elementor-section-height-default elementor-section-height-default\" data-id=\"36e6869\" data-element_type=\"section\" id=\"ancre-accueil\">\n\t\t\t\t\t\t<div class=\"elementor-container elementor-column-gap-no\">\n\t\t\t\t\t<div class=\"elementor-column elementor-col-100 elementor-top-column elementor-element elementor-element-9b8b7ec\" data-id=\"9b8b7ec\" data-element_type=\"column\">\n\t\t\t<div class=\"elementor-widget-wrap elementor-element-populated\">\n\t\t\t\t\t\t<div class=\"elementor-element elementor-element-bd4e542 elementor-widget elementor-widget-menu-anchor\" data-id=\"bd4e542\" data-element_type=\"widget\" data-widget_type=\"menu-anchor.default\">\n\t\t\t\t<div class=\"elementor-widget-container\">\n\t\t\t\t\t<div class=\"elementor-menu-anchor\" id=\"paracima\"><\/div>\n\t\t\t\t<\/div>\n\t\t\t\t<\/div>\n\t\t\t\t\t<\/div>\n\t\t<\/div>\n\t\t\t\t\t<\/div>\n\t\t<\/section>\n\t\t\t\t<section class=\"elementor-section elementor-top-section elementor-element elementor-element-fc761d1 elementor-section-height-min-height elementor-section-boxed elementor-section-height-default elementor-section-items-middle\" data-id=\"fc761d1\" data-element_type=\"section\" data-settings=\"{&quot;background_background&quot;:&quot;classic&quot;}\">\n\t\t\t\t\t\t<div class=\"elementor-container elementor-column-gap-default\">\n\t\t\t\t\t<div class=\"elementor-column elementor-col-50 elementor-top-column elementor-element elementor-element-a403927\" data-id=\"a403927\" data-element_type=\"column\" id=\"bloc-actus\" data-settings=\"{&quot;background_background&quot;:&quot;classic&quot;}\">\n\t\t\t<div class=\"elementor-widget-wrap elementor-element-populated\">\n\t\t\t\t\t\t<div class=\"elementor-element elementor-element-4f83fa4 elementor-widget elementor-widget-heading\" data-id=\"4f83fa4\" data-element_type=\"widget\" data-widget_type=\"heading.default\">\n\t\t\t\t<div class=\"elementor-widget-container\">\n\t\t\t<h1 class=\"elementor-heading-title elementor-size-default\">atualidades<\/h1>\t\t<\/div>\n\t\t\t\t<\/div>\n\t\t\t\t<div class=\"elementor-element elementor-element-a50a2b2 elementor-widget elementor-widget-button\" data-id=\"a50a2b2\" data-element_type=\"widget\" data-widget_type=\"button.default\">\n\t\t\t\t<div class=\"elementor-widget-container\">\n\t\t\t\t\t<div class=\"elementor-button-wrapper\">\n\t\t\t<a class=\"elementor-button elementor-button-link elementor-size-sm\" href=\"https:\/\/cresco-neuchatel.ch\/pt-pt\/actualites\/\">\n\t\t\t\t\t\t<span class=\"elementor-button-content-wrapper\">\n\t\t\t\t\t\t\t\t\t<span class=\"elementor-button-text\">Ver todos os artigos<\/span>\n\t\t\t\t\t<\/span>\n\t\t\t\t\t<\/a>\n\t\t<\/div>\n\t\t\t\t<\/div>\n\t\t\t\t<\/div>\n\t\t\t\t\t<\/div>\n\t\t<\/div>\n\t\t\t\t<div class=\"elementor-column elementor-col-50 elementor-top-column elementor-element elementor-element-d1904dd\" data-id=\"d1904dd\" data-element_type=\"column\">\n\t\t\t<div class=\"elementor-widget-wrap elementor-element-populated\">\n\t\t\t\t\t\t<div class=\"elementor-element elementor-element-ef5f865 elementor-widget elementor-widget-heading\" data-id=\"ef5f865\" data-element_type=\"widget\" data-widget_type=\"heading.default\">\n\t\t\t\t<div class=\"elementor-widget-container\">\n\t\t\t<h2 class=\"elementor-heading-title elementor-size-default\">As creches<br>interculturais <\/h2>\t\t<\/div>\n\t\t\t\t<\/div>\n\t\t\t\t<div class=\"elementor-element elementor-element-21cacdc elementor-widget elementor-widget-text-editor\" data-id=\"21cacdc\" data-element_type=\"widget\" data-widget_type=\"text-editor.default\">\n\t\t\t\t<div class=\"elementor-widget-container\">\n\t\t\t\t\t\t\t<p>Cresco, \u00e9 crescer. As estruturas da pequena inf\u00e2ncia s\u00e3o lugares marcados pela diversidade. Diversidade das culturas, das origens, dos percursos. Diversidade das experi\u00eancias tamb\u00e9m. Para crescer em boas condi\u00e7\u00f5es e integrar a diversidade das aprendizagens, o site Internet Cresco reune can\u00e7\u00f5es, v\u00eddeos, livros, e uma multidade de outras coisas para as crian\u00e7as e as fam\u00edlias,<\/p>\n\t\t\t\t\t\t<\/div>\n\t\t\t\t<\/div>\n\t\t\t\t<div class=\"elementor-element elementor-element-2f1c692 elementor-widget elementor-widget-image\" data-id=\"2f1c692\" data-element_type=\"widget\" data-widget_type=\"image.default\">\n\t\t\t\t<div class=\"elementor-widget-container\">\n\t\t\t\t\t\t\t\t\t\t\t\t\t<img decoding=\"async\" width=\"243\" height=\"48\" src=\"https:\/\/cresco-neuchatel.ch\/wp-content\/uploads\/2019\/06\/icons_list.svg\" class=\"attachment-full size-full wp-image-30347\" alt=\"Cresco Neuch\u00e2tel\" sizes=\"(max-width: 34.9rem) calc(100vw - 2rem), (max-width: 53rem) calc(8 * (100vw \/ 12)), (min-width: 53rem) calc(6 * (100vw \/ 12)), 100vw\" \/>\t\t\t\t\t\t\t\t\t\t\t\t\t<\/div>\n\t\t\t\t<\/div>\n\t\t\t\t<div class=\"elementor-element elementor-element-8c0d23d elementor-widget elementor-widget-text-editor\" data-id=\"8c0d23d\" data-element_type=\"widget\" data-widget_type=\"text-editor.default\">\n\t\t\t\t<div class=\"elementor-widget-container\">\n\t\t\t\t\t\t\t<p>Tudo est\u00e1 dispon\u00edvel neste site. Bem-vindos e boa visita\u00a0!<\/p>\n\t\t\t\t\t\t<\/div>\n\t\t\t\t<\/div>\n\t\t\t\t\t<\/div>\n\t\t<\/div>\n\t\t\t\t\t<\/div>\n\t\t<\/section>\n\t\t\t\t<\/div>\n\t\t","protected":false},"excerpt":{"rendered":"<p>atualidades Ver todos os artigos As crechesinterculturais Cresco, \u00e9 crescer. As estruturas da pequena inf\u00e2ncia s\u00e3o lugares marcados pela diversidade. Diversidade das culturas, das origens, dos percursos. Diversidade das experi\u00eancias tamb\u00e9m. Para crescer em boas condi\u00e7\u00f5es e integrar a diversidade das aprendizagens, o site Internet Cresco reune can\u00e7\u00f5es, v\u00eddeos, livros, e uma multidade de outras &hellip; <\/p>\n<p class=\"link-more\"><a href=\"https:\/\/cresco-neuchatel.ch\/pt-pt\/\" class=\"more-link\">Continuar a ler <span class=\"screen-reader-text\">&#8220;Acolho&#8221;<\/span><\/a><\/p>\n","protected":false},"author":1,"featured_media":0,"parent":0,"menu_order":0,"comment_status":"closed","ping_status":"closed","template":"elementor_header_footer","meta":{"inline_featured_image":false,"footnotes":""},"jetpack_sharing_enabled":true,"_links":{"self":[{"href":"https:\/\/cresco-neuchatel.ch\/pt-pt\/wp-json\/wp\/v2\/pages\/31329"}],"collection":[{"href":"https:\/\/cresco-neuchatel.ch\/pt-pt\/wp-json\/wp\/v2\/pages"}],"about":[{"href":"https:\/\/cresco-neuchatel.ch\/pt-pt\/wp-json\/wp\/v2\/types\/page"}],"author":[{"embeddable":true,"href":"https:\/\/cresco-neuchatel.ch\/pt-pt\/wp-json\/wp\/v2\/users\/1"}],"replies":[{"embeddable":true,"href":"https:\/\/cresco-neuchatel.ch\/pt-pt\/wp-json\/wp\/v2\/comments?post=31329"}],"version-history":[{"count":1,"href":"https:\/\/cresco-neuchatel.ch\/pt-pt\/wp-json\/wp\/v2\/pages\/31329\/revisions"}],"predecessor-version":[{"id":31330,"href":"https:\/\/cresco-neuchatel.ch\/pt-pt\/wp-json\/wp\/v2\/pages\/31329\/revisions\/31330"}],"wp:attachment":[{"href":"https:\/\/cresco-neuchatel.ch\/pt-pt\/wp-json\/wp\/v2\/media?parent=31329"}],"curies":[{"name":"wp","href":"https:\/\/api.w.org\/{rel}","templated":true}]}}