{"id":31373,"date":"2020-01-24T10:03:13","date_gmt":"2020-01-24T09:03:13","guid":{"rendered":"https:\/\/cresco-neuchatel.ch\/el-rincon-de-los-padres\/"},"modified":"2020-01-24T10:03:14","modified_gmt":"2020-01-24T09:03:14","slug":"el-rincon-de-los-padres","status":"publish","type":"page","link":"https:\/\/cresco-neuchatel.ch\/es\/el-rincon-de-los-padres\/","title":{"rendered":"El rinc\u00f3n de los padres"},"content":{"rendered":"\t\t<div data-elementor-type=\"wp-post\" data-elementor-id=\"31373\" class=\"elementor elementor-31373 elementor-28849\" data-elementor-post-type=\"page\">\n\t\t\t\t\t\t<section class=\"elementor-section elementor-top-section elementor-element elementor-element-2653f53 elementor-section-boxed elementor-section-height-default elementor-section-height-default\" data-id=\"2653f53\" data-element_type=\"section\">\n\t\t\t\t\t\t<div class=\"elementor-container elementor-column-gap-default\">\n\t\t\t\t\t<div class=\"elementor-column elementor-col-100 elementor-top-column elementor-element elementor-element-bac17d7\" data-id=\"bac17d7\" data-element_type=\"column\">\n\t\t\t<div class=\"elementor-widget-wrap elementor-element-populated\">\n\t\t\t\t\t\t<div class=\"elementor-element elementor-element-061517c titre-page elementor-widget elementor-widget-heading\" data-id=\"061517c\" data-element_type=\"widget\" data-widget_type=\"heading.default\">\n\t\t\t\t<div class=\"elementor-widget-container\">\n\t\t\t<h1 class=\"elementor-heading-title elementor-size-default\">El rinc\u00f3n de los padres<\/h1>\t\t<\/div>\n\t\t\t\t<\/div>\n\t\t\t\t<div class=\"elementor-element elementor-element-7a4559c sous-titre elementor-widget elementor-widget-text-editor\" data-id=\"7a4559c\" data-element_type=\"widget\" data-widget_type=\"text-editor.default\">\n\t\t\t\t<div class=\"elementor-widget-container\">\n\t\t\t\t\t\t\t<p>Recursos, ayudas, v\u00ednculos \u00fatiles, para padres curiosos<\/p>\n\t\t\t\t\t\t<\/div>\n\t\t\t\t<\/div>\n\t\t\t\t<div class=\"elementor-element elementor-element-31848bc elementor-widget elementor-widget-image\" data-id=\"31848bc\" data-element_type=\"widget\" data-widget_type=\"image.default\">\n\t\t\t\t<div class=\"elementor-widget-container\">\n\t\t\t\t\t\t\t\t\t\t\t\t\t<img decoding=\"async\" width=\"1\" height=\"1\" src=\"https:\/\/cresco-neuchatel.ch\/wp-content\/uploads\/2019\/07\/icon_parents_list.svg\" class=\"attachment-large size-large wp-image-30941\" alt=\"El rinc\u00f3n de los padres\" sizes=\"(max-width: 34.9rem) calc(100vw - 2rem), (max-width: 53rem) calc(8 * (100vw \/ 12)), (min-width: 53rem) calc(6 * (100vw \/ 12)), 100vw\" \/>\t\t\t\t\t\t\t\t\t\t\t\t\t<\/div>\n\t\t\t\t<\/div>\n\t\t\t\t\t<\/div>\n\t\t<\/div>\n\t\t\t\t\t<\/div>\n\t\t<\/section>\n\t\t\t\t<section class=\"elementor-section elementor-top-section elementor-element elementor-element-75a28b2 elementor-section-boxed elementor-section-height-default elementor-section-height-default\" data-id=\"75a28b2\" data-element_type=\"section\">\n\t\t\t\t\t\t<div class=\"elementor-container elementor-column-gap-default\">\n\t\t\t\t\t<div class=\"elementor-column elementor-col-100 elementor-top-column elementor-element elementor-element-87f343e\" data-id=\"87f343e\" data-element_type=\"column\">\n\t\t\t<div class=\"elementor-widget-wrap elementor-element-populated\">\n\t\t\t\t\t\t<div class=\"elementor-element elementor-element-18c2f7d elementor-widget elementor-widget-accordion\" data-id=\"18c2f7d\" data-element_type=\"widget\" data-widget_type=\"accordion.default\">\n\t\t\t\t<div class=\"elementor-widget-container\">\n\t\t\t\t\t<div class=\"elementor-accordion\">\n\t\t\t\t\t\t\t<div class=\"elementor-accordion-item\">\n\t\t\t\t\t<div id=\"elementor-tab-title-2591\" class=\"elementor-tab-title\" data-tab=\"1\" role=\"button\" aria-controls=\"elementor-tab-content-2591\" aria-expanded=\"false\">\n\t\t\t\t\t\t\t\t\t\t\t\t\t<span class=\"elementor-accordion-icon elementor-accordion-icon-left\" aria-hidden=\"true\">\n\t\t\t\t\t\t\t\t\t\t\t\t\t\t\t<span class=\"elementor-accordion-icon-closed\"><i class=\"fas fa-plus\"><\/i><\/span>\n\t\t\t\t\t\t\t\t<span class=\"elementor-accordion-icon-opened\"><i class=\"fas fa-minus\"><\/i><\/span>\n\t\t\t\t\t\t\t\t\t\t\t\t\t\t<\/span>\n\t\t\t\t\t\t\t\t\t\t\t\t<a class=\"elementor-accordion-title\" tabindex=\"0\">Preparaci\u00f3n para el nacimiento y la paternidad <\/a>\n\t\t\t\t\t<\/div>\n\t\t\t\t\t<div id=\"elementor-tab-content-2591\" class=\"elementor-tab-content elementor-clearfix\" data-tab=\"1\" role=\"region\" aria-labelledby=\"elementor-tab-title-2591\"><p>Los cursos de preparaci\u00f3n para el nacimiento son ofrecidos por diferentes asociados y en diversos idiomas:<\/p>\n<ul style=\"padding: 0; margin: 0;\">\n<li><a href=\"https:\/\/www.h-ne.ch\/maternite\" target=\"_blank\" rel=\"noopener\">Maternidad del hospital del cant\u00f3n de Neuch\u00e2tel <\/a><\/li>\n<li><a href=\"https:\/\/www.ne.ch\/autorites\/DFS\/SCSP\/Documents\/PAN_Francais_2019bis.pdf\" target=\"_blank\" rel=\"noopener\">Preparaci\u00f3n para el nacimiento de mujeres migrantes<\/a><\/li>\n<li><a href=\"https:\/\/www.ne-sens.ch\/prestations.html\" target=\"_blank\" rel=\"noopener\">Seguimiento del embarazo por la Asociaci\u00f3n de parteras a domicilio<\/a><\/li>\n<\/ul>\n<p><span style=\"font-size: 1.5vw;\">Adopci\u00f3n y familias de acogida<\/span><\/p>\n<ul style=\"padding: 0; margin: 0;\">\n<li><a href=\"https:\/\/www.ne.ch\/autorites\/DEF\/SPAJ\/protection-enfant\/Pages\/Adoption.aspx\" target=\"_blank\" rel=\"noopener\">Informaci\u00f3n inicial sobre los tr\u00e1mites de adopci\u00f3n<\/a><\/li>\n<li><a href=\"https:\/\/www.adoptons-nous.ch\/\" target=\"_blank\" rel=\"noopener\">https:\/\/www.adoptons-nous.ch\/<\/a>. Asociaci\u00f3n de familias adoptivas y de acogida.\u00a0 Adoptos-Nos propone un lugar de intercambio, de escucha, de apoyo, de reflexi\u00f3n y de formaci\u00f3n para todas las personas afectadas por la adopci\u00f3n y la acogida familiar.<\/li>\n<\/ul>\n<p>Soutien \u00e0 la parentalit\u00e9:<\/p>\n<ul>\n<li><a href=\"https:\/\/edf-ne.ch\/\">Association L&#8217;Education donne de la Force<\/a> qui oeuvre pour le soutien \u00e0 la parentalit\u00e9<\/li>\n<\/ul>\n<\/div>\n\t\t\t\t<\/div>\n\t\t\t\t\t\t\t<div class=\"elementor-accordion-item\">\n\t\t\t\t\t<div id=\"elementor-tab-title-2592\" class=\"elementor-tab-title\" data-tab=\"2\" role=\"button\" aria-controls=\"elementor-tab-content-2592\" aria-expanded=\"false\">\n\t\t\t\t\t\t\t\t\t\t\t\t\t<span class=\"elementor-accordion-icon elementor-accordion-icon-left\" aria-hidden=\"true\">\n\t\t\t\t\t\t\t\t\t\t\t\t\t\t\t<span class=\"elementor-accordion-icon-closed\"><i class=\"fas fa-plus\"><\/i><\/span>\n\t\t\t\t\t\t\t\t<span class=\"elementor-accordion-icon-opened\"><i class=\"fas fa-minus\"><\/i><\/span>\n\t\t\t\t\t\t\t\t\t\t\t\t\t\t<\/span>\n\t\t\t\t\t\t\t\t\t\t\t\t<a class=\"elementor-accordion-title\" tabindex=\"0\">La llegada del beb\u00e9<\/a>\n\t\t\t\t\t<\/div>\n\t\t\t\t\t<div id=\"elementor-tab-content-2592\" class=\"elementor-tab-content elementor-clearfix\" data-tab=\"2\" role=\"region\" aria-labelledby=\"elementor-tab-title-2592\"><p>Algunos tr\u00e1mites administrativos en los que pensar:<\/p>\n<ul style=\"padding: 0; margin: 0;\">\n<li><a href=\"https:\/\/www.ch.ch\/fr\/naissance\/\" target=\"_blank\" rel=\"noopener\">https:\/\/www.ch.ch\/fr\/naissance\/<\/a><\/li>\n<\/ul>\n<p>Maestros y enfermeras de la primera infancia: para los primeros momentos<\/p>\n<ul style=\"padding: 0; margin: 0;\">\n<li><a href=\"https:\/\/www.ne-sens.ch\/sages-femmes.html\" target=\"_blank\" rel=\"noopener\">Seguimiento desde el regreso de la maternidad por la Asociaci\u00f3n de parteras a domicilio<\/a><\/li>\n<li><a href=\"https:\/\/www.votresagefemme.ch\/\" target=\"_blank\" rel=\"noopener\">Federaci\u00f3n Suiza de parteras<\/a><\/li>\n<li><a href=\"https:\/\/croix-rouge-ne.ch\/services\/infirmieres-petite-enfance\/\" target=\"_blank\" rel=\"noopener\">Enfermeras de la primera infancia<\/a><\/li>\n<\/ul>\n<p>La pareja y la llegada del ni\u00f1o:<\/p>\n<ul style=\"padding: 0; margin: 0;\">\n<li><a href=\"https:\/\/csp.ch\/neuchatel\/services\/questions-de-couple\/\" target=\"_blank\" rel=\"noopener\">Un lugar de escucha para sus preocupaciones conyugales y familiares <\/a><\/li>\n<\/ul>\n<p>Para las madres j\u00f3venes: futuras madres SOS:<\/p>\n<ul style=\"padding: 0; margin: 0;\">\n<li><a href=\"http:\/\/www.sosfuturesmamans.org\/mo\/mamans\/\" target=\"_blank\" rel=\"noopener\">Monta\u00f1as del cant\u00f3n de Neuch\u00e2tel<\/a><\/li>\n<li><a href=\"http:\/\/www.sosfuturesmamans.org\/nc\/mamans\/\" target=\"_blank\" rel=\"noopener\">Litoral del cant\u00f3n de Neuch\u00e2tel<\/a><\/li>\n<\/ul>\n<p>Para los pap\u00e1s:<\/p>\n<ul style=\"padding: 0; margin: 0;\">\n<li><a href=\"http:\/\/www.mcpn.ch\/mcpn-accueil.html\" target=\"_blank\" rel=\"noopener\">http:\/\/www.mcpn.ch\/mcpn-accueil.html<\/a><\/li>\n<\/ul>\n<p>Para los padres j\u00f3venes:<\/p>\n<ul style=\"padding: 0; margin: 0;\">\n<li><a href=\"https:\/\/www.jeunesparents.ch\/ass\/contact-personnel-par-region\" target=\"_blank\" rel=\"noopener\">https:\/\/www.jeunesparents.ch\/ass\/contact-personnel-par-region<\/a><\/li>\n<\/ul>\n<\/div>\n\t\t\t\t<\/div>\n\t\t\t\t\t\t\t<div class=\"elementor-accordion-item\">\n\t\t\t\t\t<div id=\"elementor-tab-title-2593\" class=\"elementor-tab-title\" data-tab=\"3\" role=\"button\" aria-controls=\"elementor-tab-content-2593\" aria-expanded=\"false\">\n\t\t\t\t\t\t\t\t\t\t\t\t\t<span class=\"elementor-accordion-icon elementor-accordion-icon-left\" aria-hidden=\"true\">\n\t\t\t\t\t\t\t\t\t\t\t\t\t\t\t<span class=\"elementor-accordion-icon-closed\"><i class=\"fas fa-plus\"><\/i><\/span>\n\t\t\t\t\t\t\t\t<span class=\"elementor-accordion-icon-opened\"><i class=\"fas fa-minus\"><\/i><\/span>\n\t\t\t\t\t\t\t\t\t\t\t\t\t\t<\/span>\n\t\t\t\t\t\t\t\t\t\t\t\t<a class=\"elementor-accordion-title\" tabindex=\"0\">Crecer en el d\u00eda a d\u00eda<\/a>\n\t\t\t\t\t<\/div>\n\t\t\t\t\t<div id=\"elementor-tab-content-2593\" class=\"elementor-tab-content elementor-clearfix\" data-tab=\"3\" role=\"region\" aria-labelledby=\"elementor-tab-title-2593\"><p>Gesti\u00f3n de emergencias, primeros auxilios:<\/p>\n<ul class=\"ul1\" style=\"padding: 0; margin: 0;\">\n<li class=\"li2\"><a href=\"https:\/\/www.redcross-edu.ch\/fr\/urgences-chez-les-enfants\" target=\"_blank\" rel=\"noopener\">www.redcross-edu.ch\/fr\/urgences-chez-les-enfants<\/a><\/li>\n<li class=\"li2\"><a href=\"http:\/\/www.samaritains-ne.ch\/urgences-chez-les-petits-enfants-cours-individuel\/\" target=\"_blank\" rel=\"noopener\">www.samaritains-ne.ch\/urgences-chez-les-petits-enfants-cours-individuel\/<\/a><\/li>\n<\/ul>\n<p>COMUNIQUEMOS JUNTOS<\/p>\n<p>El lenguaje es el siguiente:<\/p>\n<ul class=\"ul1\" style=\"padding: 0; margin: 0;\">\n<li class=\"li2\"><a href=\"http:\/\/signons-ensemble.ch\/index.html\" target=\"_blank\" rel=\"noopener\">Para una comunicaci\u00f3n antes del lenguaje <\/a><\/li>\n<li class=\"li2\"><a href=\"https:\/\/www.kinder-4.ch\/fr\/start\" target=\"_blank\" rel=\"noopener\">Aprendizaje en ni\u00f1os menores de 4 a\u00f1os<\/a><\/li>\n<\/ul>\n<p>La escucha es lo siguiente:<\/p>\n<ul style=\"padding: 0; margin: 0;\">\n<li><a href=\"http:\/\/ceden.ch\/sample-page\/\" target=\"_blank\" rel=\"noopener\">Centro de escucha, seg\u00fan A. Tomatis<\/a><\/li>\n<\/ul>\n<p>La lectura:<\/p>\n<ul class=\"ul1\" style=\"padding: 0; margin: 0;\">\n<li class=\"li1\"><a href=\"http:\/\/www.pip-ne.ch\/\" target=\"_blank\" rel=\"noopener\">La Asociaci\u00f3n para la Prevenci\u00f3n del analfabetismo en la ense\u00f1anza preescolar (PIP) se propone alentar a todos los adultos a leer y contar historias a los ni\u00f1os desde su nacimiento. <\/a><\/li>\n<li class=\"li1\">La Croix-Rouge neuch\u00e2teloise :\u00a0<a href=\"https:\/\/croix-rouge-ne.ch\/services\/animations-lecture\/\" target=\"_blank\" rel=\"noopener\">animations lecture<\/a>\u00a0pour les enfants jusqu&#8217;\u00e0 4 ans<\/li>\n<li class=\"li2\"><a href=\"http:\/\/biblio-jeunes.chaux-de-fonds.ch\/bjcf\/enfants-ados\/Pages\/enfants-ados.aspx\" target=\"_blank\" rel=\"noopener\">Biblioteca de los J\u00f3venes<\/a><\/li>\n<\/ul>\n<p>Ni\u00f1os en situaci\u00f3n de discapacidad:<\/p>\n<ul class=\"ul1\" style=\"padding: 0; margin: 0;\">\n<li class=\"li1\"><a href=\"http:\/\/www.perce-neige.ch\/prestations\/personne-mineure-en-situation-de-handicap\/\" target=\"_blank\" rel=\"noopener\">www.perce-neige.ch\/prestations\/personne-mineure-en-situation-de-handicap<\/a><\/li>\n<li class=\"li2\"><a href=\"http:\/\/www.insieme-ne.ch\/services\/conseils.php\" target=\"_blank\" rel=\"noopener\">Asociaci\u00f3n de Neuch\u00e2tel de Padres de Personas con Discapacidad Mental (Insieme Neuch\u00e2tel)<\/a><\/li>\n<\/ul>\n<p>Duelo, separaci\u00f3n parental, enfermedad de un padre :<\/p>\n<ul style=\"padding: 0; margin: 0;\">\n<li><a href=\"https:\/\/www.astrame.ch\/neuchatel.html\" target=\"_blank\" rel=\"noopener\">As&#8217;trame acompa\u00f1a a las familias afectadas por un duelo, una separaci\u00f3n parental, una enfermedad grave o la fragilidad ps\u00edquica de un progenitor, prestando una atenci\u00f3n espec\u00edfica a las necesidades de los ni\u00f1os y adolescentes.<\/a><\/li>\n<\/ul>\n<p>Dificultades educativas, relacionales, sociales y\/o financieras:<\/p>\n<ul class=\"ul1\" style=\"padding: 0; margin: 0;\">\n<li class=\"li1\"><a href=\"http:\/\/www.proju-arc.ch\/aide\/\" target=\"_blank\" rel=\"noopener\">Pro Juventute ayuda a los ni\u00f1os, los j\u00f3venes y sus familias necesitados<\/a><\/li>\n<li class=\"li2\"><a href=\"http:\/\/www.fondation-carrefour.net\/?page_id=19\" target=\"_blank\" rel=\"noopener\">Acci\u00f3n educativa en medio abierto<\/a><\/li>\n<li class=\"li2\"><a href=\"https:\/\/www.ne.ch\/autorites\/DEF\/SPAJ\/protection-enfant\/Pages\/Maltraitance.aspx\" target=\"_blank\" rel=\"noopener\">Maltrato de menores<\/a><\/li>\n<\/ul>\n<\/div>\n\t\t\t\t<\/div>\n\t\t\t\t\t\t\t<div class=\"elementor-accordion-item\">\n\t\t\t\t\t<div id=\"elementor-tab-title-2594\" class=\"elementor-tab-title\" data-tab=\"4\" role=\"button\" aria-controls=\"elementor-tab-content-2594\" aria-expanded=\"false\">\n\t\t\t\t\t\t\t\t\t\t\t\t\t<span class=\"elementor-accordion-icon elementor-accordion-icon-left\" aria-hidden=\"true\">\n\t\t\t\t\t\t\t\t\t\t\t\t\t\t\t<span class=\"elementor-accordion-icon-closed\"><i class=\"fas fa-plus\"><\/i><\/span>\n\t\t\t\t\t\t\t\t<span class=\"elementor-accordion-icon-opened\"><i class=\"fas fa-minus\"><\/i><\/span>\n\t\t\t\t\t\t\t\t\t\t\t\t\t\t<\/span>\n\t\t\t\t\t\t\t\t\t\t\t\t<a class=\"elementor-accordion-title\" tabindex=\"0\">Actividades de padres e hijos y lugares de reuni\u00f3n <\/a>\n\t\t\t\t\t<\/div>\n\t\t\t\t\t<div id=\"elementor-tab-content-2594\" class=\"elementor-tab-content elementor-clearfix\" data-tab=\"4\" role=\"region\" aria-labelledby=\"elementor-tab-title-2594\"><h2 style=\"padding: 0; margin: 0;\">Actividades entre padres e hijos<\/h2>\n<ul style=\"padding: 0; margin: 0;\">\n<li><a href=\"https:\/\/www.neuchatelfamille.ch\/N285598\/activites-parent-enfant-des-18-mois.html?M=602075\" target=\"_blank\" rel=\"noopener\">Algunas ideas de actividades para padres e hijos<\/a><\/li>\n<li><a href=\"http:\/\/lebalkkon.ch\/\" target=\"_blank\" rel=\"noopener\">Cultura regional promovida mediante actividades, en particular, para las familias<\/a><\/li>\n<\/ul>\n<h2>Lugares de encuentro<\/h2>\n<p style=\"padding: 0; margin: 0;\">Neuch\u00e2tel :<\/p>\n<ul style=\"padding: 0; margin: 0;\">\n<li><a href=\"https:\/\/www.eper.ch\/project-explorer\/espace-parents\" target=\"_blank\" rel=\"noopener\">El Espacio de Padres de la EPER en Neuch\u00e2tel ofrece un lugar de escucha, de asesoramiento y de orientaci\u00f3n a los padres de todos los \u00e1mbitos que encuentran dificultades en sus gestiones cotidianas Para todos los ni\u00f1os desde el nacimiento hasta su quinto cumplea\u00f1os.<\/a><\/li>\n<li>Un espacio para jugar, explorar, moverse, hablar, re\u00edr, descubrir la vida en sociedad. Para los padres que los acompa\u00f1an, un tiempo para intercambiar, relajarse, preguntar o preguntarse, descubrir, mirar, jugar con su hijo, conocer a otros padres: <a href=\"https:\/\/www.lacourteechelle.ch\/\" target=\"_blank\" rel=\"noopener\">www.lacourteechelle.ch<\/a><\/li>\n<li>Punto de encuentro organiza el ejercicio del derecho de visita entre padres e hijos en el marco de separaciones conflictivas para permitir al ni\u00f1o preservar o restablecer v\u00ednculos con el progenitor del que est\u00e1 separado : <a href=\"http:\/\/www.enfvie.ch\/point-rencontre\/\" target=\"_blank\" rel=\"noopener\">www.enfvie.ch\/point-rencontre<\/a><\/li>\n<li><a href=\"https:\/\/croix-rouge-ne.ch\/services\/le-patio\/\" target=\"_blank\" rel=\"noopener\">Le\u00a0Patio<\/a>\u00a0: un espace o\u00f9 les parents peuvent venir partager leurs exp\u00e9riences, leurs questions et leurs craintes par rapport \u00e0 l&#8217;\u00e9ducation de leur(s) enfant(s).<\/li>\n<\/ul>\n<p style=\"padding: 0; margin: 0;\">La Chaux-de-Fonds :<\/p>\n<ul style=\"padding: 0; margin: 0;\">\n<li><a href=\"http:\/\/www.association-la-trottinette.ch\/\" target=\"_blank\" rel=\"noopener\">La Trottinette <\/a>: Un lugar de acogida en La Chaux-de-Fonds para los ni\u00f1os desde el nacimiento hasta los 4 a\u00f1os acompa\u00f1ados de un adulto. Este lugar, apoyado por un equipo de profesionales, est\u00e1 abierto a todos sin necesidad de inscribirse con anticipaci\u00f3n.<\/li>\n<\/ul>\n<\/div>\n\t\t\t\t<\/div>\n\t\t\t\t\t\t\t<div class=\"elementor-accordion-item\">\n\t\t\t\t\t<div id=\"elementor-tab-title-2595\" class=\"elementor-tab-title\" data-tab=\"5\" role=\"button\" aria-controls=\"elementor-tab-content-2595\" aria-expanded=\"false\">\n\t\t\t\t\t\t\t\t\t\t\t\t\t<span class=\"elementor-accordion-icon elementor-accordion-icon-left\" aria-hidden=\"true\">\n\t\t\t\t\t\t\t\t\t\t\t\t\t\t\t<span class=\"elementor-accordion-icon-closed\"><i class=\"fas fa-plus\"><\/i><\/span>\n\t\t\t\t\t\t\t\t<span class=\"elementor-accordion-icon-opened\"><i class=\"fas fa-minus\"><\/i><\/span>\n\t\t\t\t\t\t\t\t\t\t\t\t\t\t<\/span>\n\t\t\t\t\t\t\t\t\t\t\t\t<a class=\"elementor-accordion-title\" tabindex=\"0\">Acogida extra familiar<\/a>\n\t\t\t\t\t<\/div>\n\t\t\t\t\t<div id=\"elementor-tab-content-2595\" class=\"elementor-tab-content elementor-clearfix\" data-tab=\"5\" role=\"region\" aria-labelledby=\"elementor-tab-title-2595\"><ul class=\"ul1\">\n<li class=\"li1\"><a href=\"https:\/\/croix-rouge-ne.ch\/services\/garde-enfants-a-domicile\/\" target=\"_blank\" rel=\"noopener\"><span class=\"s1\">Guardia de emergencia<\/span><\/a><\/li>\n<li class=\"li1\"><a href=\"http:\/\/www.mamansdejour.ch\/\" target=\"_blank\" rel=\"noopener\"><span class=\"s1\">Mamas de d\u00eda<\/span><\/a><\/li>\n<li class=\"li1\"><a href=\"https:\/\/www.ne.ch\/autorites\/DEF\/SPAJ\/accueil-extrafamilial\/Pages\/parents.aspx\" target=\"_blank\" rel=\"noopener\"><span class=\"s1\">Informaci\u00f3n sobre la matr\u00edcula en guarder\u00edas<\/span><\/a><\/li>\n<\/ul>\n<h2 style=\"padding: 0; margin: 0;\">Lista de guarder\u00edas en el cant\u00f3n de Neuch\u00e2tel :<\/h2>\n<ul style=\"padding: 0; margin: 0;\">\n<li><a href=\"https:\/\/www.ne.ch\/autorites\/DEF\/SPAJ\/accueil-extrafamilial\/Documents\/Structures_creches.pdf\" target=\"_blank\" rel=\"noopener\">www.ne.ch\/autorites\/DEF\/SPAJ\/accueil-extrafamilial\/Documents\/Structures_creches.pdf<\/a><\/li>\n<\/ul>\n<\/div>\n\t\t\t\t<\/div>\n\t\t\t\t\t\t\t<div class=\"elementor-accordion-item\">\n\t\t\t\t\t<div id=\"elementor-tab-title-2596\" class=\"elementor-tab-title\" data-tab=\"6\" role=\"button\" aria-controls=\"elementor-tab-content-2596\" aria-expanded=\"false\">\n\t\t\t\t\t\t\t\t\t\t\t\t\t<span class=\"elementor-accordion-icon elementor-accordion-icon-left\" aria-hidden=\"true\">\n\t\t\t\t\t\t\t\t\t\t\t\t\t\t\t<span class=\"elementor-accordion-icon-closed\"><i class=\"fas fa-plus\"><\/i><\/span>\n\t\t\t\t\t\t\t\t<span class=\"elementor-accordion-icon-opened\"><i class=\"fas fa-minus\"><\/i><\/span>\n\t\t\t\t\t\t\t\t\t\t\t\t\t\t<\/span>\n\t\t\t\t\t\t\t\t\t\t\t\t<a class=\"elementor-accordion-title\" tabindex=\"0\">Entrada en la escuela<\/a>\n\t\t\t\t\t<\/div>\n\t\t\t\t\t<div id=\"elementor-tab-content-2596\" class=\"elementor-tab-content elementor-clearfix\" data-tab=\"6\" role=\"region\" aria-labelledby=\"elementor-tab-title-2596\"><h2 style=\"padding: 0; margin: 0;\">Lista de escuelas en el cant\u00f3n de Neuch\u00e2tel :<\/h2>\n<ul style=\"padding: 0; margin: 0;\">\n<li><a href=\"https:\/\/www.ne.ch\/autorites\/DEF\/SEEO\/infos\/Pages\/ListeEcoles.aspx\" target=\"_blank\" rel=\"noopener\">www.ne.ch\/autorites\/DEF\/SEEO\/infos\/Pages\/ListeEcoles.aspx<\/a><\/li>\n<\/ul>\n<\/div>\n\t\t\t\t<\/div>\n\t\t\t\t\t\t\t<div class=\"elementor-accordion-item\">\n\t\t\t\t\t<div id=\"elementor-tab-title-2597\" class=\"elementor-tab-title\" data-tab=\"7\" role=\"button\" aria-controls=\"elementor-tab-content-2597\" aria-expanded=\"false\">\n\t\t\t\t\t\t\t\t\t\t\t\t\t<span class=\"elementor-accordion-icon elementor-accordion-icon-left\" aria-hidden=\"true\">\n\t\t\t\t\t\t\t\t\t\t\t\t\t\t\t<span class=\"elementor-accordion-icon-closed\"><i class=\"fas fa-plus\"><\/i><\/span>\n\t\t\t\t\t\t\t\t<span class=\"elementor-accordion-icon-opened\"><i class=\"fas fa-minus\"><\/i><\/span>\n\t\t\t\t\t\t\t\t\t\t\t\t\t\t<\/span>\n\t\t\t\t\t\t\t\t\t\t\t\t<a class=\"elementor-accordion-title\" tabindex=\"0\">Recursos para los reci\u00e9n llegados <\/a>\n\t\t\t\t\t<\/div>\n\t\t\t\t\t<div id=\"elementor-tab-content-2597\" class=\"elementor-tab-content elementor-clearfix\" data-tab=\"7\" role=\"region\" aria-labelledby=\"elementor-tab-title-2597\"><h2 style=\"padding: 0; margin: 0;\">Consejo e informaci\u00f3n del Servicio de Cohesi\u00f3n Multicultural (COSM):<\/h2>\n<ul style=\"padding: 0; margin: 0;\">\n<li><a href=\"https:\/\/www.ne.ch\/autorites\/DEAS\/COSM\/conseil-information\/Pages\/accueil.aspx\" target=\"_blank\" rel=\"noopener\">www.ne.ch\/autorites\/DEAS\/COSM\/conseil-information\/Pages\/accueil.aspx<\/a><\/li>\n<\/ul>\n<h2 style=\"padding: 0; margin: 0;\">RECIF<\/h2>\n<ul style=\"padding: 0; margin: 0;\">\n<li class=\"li1\"><a href=\"https:\/\/recifne.ch\/cours-formation\/\" target=\"_blank\" rel=\"noopener\">Capacitaci\u00f3n de la mujer<\/a><\/li>\n<li class=\"li1\"><a href=\"https:\/\/recifne.ch\/espace-enfants\/\" target=\"_blank\" rel=\"noopener\">Espacio infantil. Sistema de guarder\u00eda gratuito durante el curso al que asisten las madres <\/a><\/li>\n<li class=\"li1\"><a href=\"https:\/\/recifne.ch\/rencontres-animation-socio-culturelle\/\" target=\"_blank\" rel=\"noopener\">Sector \u00abencuentros y animaci\u00f3n\u00bb propone actividades variadas que apuntan al encuentro entre mujeres de diferentes horizontes<\/a><\/li>\n<\/ul>\n<h2 style=\"padding: 0; margin: 0;\">Curso de franc\u00e9s por la Escuela mosa\u00efque:<\/h2>\n<ul style=\"padding: 0; margin: 0;\">\n<li><a href=\"http:\/\/ecolemosaique.ch\/offres\/\" target=\"_blank\" rel=\"noopener\">ecolemosaique.ch\/offres\/<\/a><\/li>\n<\/ul>\n<h2 style=\"padding: 0; margin: 0;\">Escuela de lengua integraci\u00f3n y apertura (ELIO):<\/h2>\n<ul style=\"padding: 0; margin: 0;\">\n<li><a href=\"http:\/\/www.ecolelio.ch\/enseignement.html#niveaux\" target=\"_blank\" rel=\"noopener\">www.ecolelio.ch\/enseignement.html#niveaux<\/a><\/li>\n<\/ul>\n<h2 style=\"padding: 0; margin: 0;\">Taller de franc\u00e9s en Caritas :<\/h2>\n<ul style=\"padding: 0; margin: 0;\">\n<li><a href=\"https:\/\/www.caritas-neuchatel.ch\/nos-prestations\/atelier-de-francais\" target=\"_blank\" rel=\"noopener\">www.caritas-neuchatel.ch\/nos-prestations\/atelier-de-francais<\/a><\/li>\n<\/ul>\n<h2 style=\"padding: 0; margin: 0;\">Curso de franc\u00e9s por el CEFNA:<\/h2>\n<ul style=\"padding: 0; margin: 0;\">\n<li><a href=\"https:\/\/www.cefna.ch\/formation\/ana-francais-adultes-de-langue-etrangere\/\" target=\"_blank\" rel=\"noopener\">www.cefna.ch\/formation\/ana-francais-adultes-de-langue-etrangere\/<\/a><\/li>\n<\/ul>\n<h2 style=\"padding: 0; margin: 0;\">Programa de Integraci\u00f3n y Conocimientos C\u00edvicos por el Servicio de Cohesi\u00f3n Multicultural (COSM):<\/h2>\n<ul style=\"padding: 0; margin: 0;\">\n<li><a href=\"https:\/\/www.ne.ch\/autorites\/DEAS\/COSM\/cours-formations\/Pages\/Programme-d'int%C3%A9gration-et-de-connaissances-civiques.aspx\" target=\"_blank\" rel=\"noopener\">www.ne.ch\/autorites\/DEAS\/COSM\/cours-formations\/Pages\/Programme-d&#8217;int%C3%A9gration-et-de-connaissances-civiques.aspx<\/a><\/li>\n<\/ul>\n<\/div>\n\t\t\t\t<\/div>\n\t\t\t\t\t\t\t\t<\/div>\n\t\t\t\t<\/div>\n\t\t\t\t<\/div>\n\t\t\t\t\t<\/div>\n\t\t<\/div>\n\t\t\t\t\t<\/div>\n\t\t<\/section>\n\t\t\t\t<\/div>\n\t\t","protected":false},"excerpt":{"rendered":"<p>El rinc\u00f3n de los padres Recursos, ayudas, v\u00ednculos \u00fatiles, para padres curiosos Preparaci\u00f3n para el nacimiento y la paternidad Los cursos de preparaci\u00f3n para el nacimiento son ofrecidos por diferentes asociados y en diversos idiomas: Maternidad del hospital del cant\u00f3n de Neuch\u00e2tel Preparaci\u00f3n para el nacimiento de mujeres migrantes Seguimiento del embarazo por la Asociaci\u00f3n &hellip; <\/p>\n<p class=\"link-more\"><a href=\"https:\/\/cresco-neuchatel.ch\/es\/el-rincon-de-los-padres\/\" class=\"more-link\">Seguir leyendo<span class=\"screen-reader-text\"> \u00abEl rinc\u00f3n de los padres\u00bb<\/span><\/a><\/p>\n","protected":false},"author":1,"featured_media":0,"parent":0,"menu_order":0,"comment_status":"closed","ping_status":"closed","template":"elementor_header_footer","meta":{"inline_featured_image":false,"footnotes":""},"jetpack_sharing_enabled":true,"_links":{"self":[{"href":"https:\/\/cresco-neuchatel.ch\/es\/wp-json\/wp\/v2\/pages\/31373"}],"collection":[{"href":"https:\/\/cresco-neuchatel.ch\/es\/wp-json\/wp\/v2\/pages"}],"about":[{"href":"https:\/\/cresco-neuchatel.ch\/es\/wp-json\/wp\/v2\/types\/page"}],"author":[{"embeddable":true,"href":"https:\/\/cresco-neuchatel.ch\/es\/wp-json\/wp\/v2\/users\/1"}],"replies":[{"embeddable":true,"href":"https:\/\/cresco-neuchatel.ch\/es\/wp-json\/wp\/v2\/comments?post=31373"}],"version-history":[{"count":1,"href":"https:\/\/cresco-neuchatel.ch\/es\/wp-json\/wp\/v2\/pages\/31373\/revisions"}],"predecessor-version":[{"id":31374,"href":"https:\/\/cresco-neuchatel.ch\/es\/wp-json\/wp\/v2\/pages\/31373\/revisions\/31374"}],"wp:attachment":[{"href":"https:\/\/cresco-neuchatel.ch\/es\/wp-json\/wp\/v2\/media?parent=31373"}],"curies":[{"name":"wp","href":"https:\/\/api.w.org\/{rel}","templated":true}]}}