{"id":31361,"date":"2020-01-23T18:00:30","date_gmt":"2020-01-23T17:00:30","guid":{"rendered":"https:\/\/cresco-neuchatel.ch\/pagina-principal\/"},"modified":"2020-01-23T18:00:31","modified_gmt":"2020-01-23T17:00:31","slug":"pagina-principal","status":"publish","type":"page","link":"https:\/\/cresco-neuchatel.ch\/es\/","title":{"rendered":"P\u00e1gina principal"},"content":{"rendered":"\t\t<div data-elementor-type=\"wp-post\" data-elementor-id=\"31361\" class=\"elementor elementor-31361 elementor-28852\" data-elementor-post-type=\"page\">\n\t\t\t\t\t\t<section class=\"elementor-section elementor-top-section elementor-element elementor-element-36e6869 elementor-section-boxed elementor-section-height-default elementor-section-height-default\" data-id=\"36e6869\" data-element_type=\"section\" id=\"ancre-accueil\">\n\t\t\t\t\t\t<div class=\"elementor-container elementor-column-gap-no\">\n\t\t\t\t\t<div class=\"elementor-column elementor-col-100 elementor-top-column elementor-element elementor-element-9b8b7ec\" data-id=\"9b8b7ec\" data-element_type=\"column\">\n\t\t\t<div class=\"elementor-widget-wrap elementor-element-populated\">\n\t\t\t\t\t\t<div class=\"elementor-element elementor-element-bd4e542 elementor-widget elementor-widget-menu-anchor\" data-id=\"bd4e542\" data-element_type=\"widget\" data-widget_type=\"menu-anchor.default\">\n\t\t\t\t<div class=\"elementor-widget-container\">\n\t\t\t\t\t<div class=\"elementor-menu-anchor\" id=\"enalto\"><\/div>\n\t\t\t\t<\/div>\n\t\t\t\t<\/div>\n\t\t\t\t\t<\/div>\n\t\t<\/div>\n\t\t\t\t\t<\/div>\n\t\t<\/section>\n\t\t\t\t<section class=\"elementor-section elementor-top-section elementor-element elementor-element-fc761d1 elementor-section-height-min-height elementor-section-boxed elementor-section-height-default elementor-section-items-middle\" data-id=\"fc761d1\" data-element_type=\"section\" data-settings=\"{&quot;background_background&quot;:&quot;classic&quot;}\">\n\t\t\t\t\t\t<div class=\"elementor-container elementor-column-gap-default\">\n\t\t\t\t\t<div class=\"elementor-column elementor-col-50 elementor-top-column elementor-element elementor-element-a403927\" data-id=\"a403927\" data-element_type=\"column\" id=\"bloc-actus\" data-settings=\"{&quot;background_background&quot;:&quot;classic&quot;}\">\n\t\t\t<div class=\"elementor-widget-wrap elementor-element-populated\">\n\t\t\t\t\t\t<div class=\"elementor-element elementor-element-4f83fa4 elementor-widget elementor-widget-heading\" data-id=\"4f83fa4\" data-element_type=\"widget\" data-widget_type=\"heading.default\">\n\t\t\t\t<div class=\"elementor-widget-container\">\n\t\t\t<h1 class=\"elementor-heading-title elementor-size-default\">Actualidades<\/h1>\t\t<\/div>\n\t\t\t\t<\/div>\n\t\t\t\t<div class=\"elementor-element elementor-element-a50a2b2 elementor-widget elementor-widget-button\" data-id=\"a50a2b2\" data-element_type=\"widget\" data-widget_type=\"button.default\">\n\t\t\t\t<div class=\"elementor-widget-container\">\n\t\t\t\t\t<div class=\"elementor-button-wrapper\">\n\t\t\t<a class=\"elementor-button elementor-button-link elementor-size-sm\" href=\"https:\/\/cresco-neuchatel.ch\/es\/actualites\/\">\n\t\t\t\t\t\t<span class=\"elementor-button-content-wrapper\">\n\t\t\t\t\t\t\t\t\t<span class=\"elementor-button-text\">Ver todos los art\u00edculos<\/span>\n\t\t\t\t\t<\/span>\n\t\t\t\t\t<\/a>\n\t\t<\/div>\n\t\t\t\t<\/div>\n\t\t\t\t<\/div>\n\t\t\t\t\t<\/div>\n\t\t<\/div>\n\t\t\t\t<div class=\"elementor-column elementor-col-50 elementor-top-column elementor-element elementor-element-d1904dd\" data-id=\"d1904dd\" data-element_type=\"column\">\n\t\t\t<div class=\"elementor-widget-wrap elementor-element-populated\">\n\t\t\t\t\t\t<div class=\"elementor-element elementor-element-ef5f865 elementor-widget elementor-widget-heading\" data-id=\"ef5f865\" data-element_type=\"widget\" data-widget_type=\"heading.default\">\n\t\t\t\t<div class=\"elementor-widget-container\">\n\t\t\t<h2 class=\"elementor-heading-title elementor-size-default\">Las guarder\u00edas<br\/>interculturales<\/h2>\t\t<\/div>\n\t\t\t\t<\/div>\n\t\t\t\t<div class=\"elementor-element elementor-element-21cacdc elementor-widget elementor-widget-text-editor\" data-id=\"21cacdc\" data-element_type=\"widget\" data-widget_type=\"text-editor.default\">\n\t\t\t\t<div class=\"elementor-widget-container\">\n\t\t\t\t\t\t\t<p>Cresco es crecer. Las estructuras de la primera infancia son lugares marcados por la diversidad. Diversidad de culturas, or\u00edgenes, recorridos. Diversidad de experiencias tambi\u00e9n. Para crecer e integrar la diversidad en el aprendizaje, el sitio web Cresco re\u00fane canciones, v\u00eddeos, libros, y un sinn\u00famero de otras cosas para los ni\u00f1os y las familias.<\/p>\n\t\t\t\t\t\t<\/div>\n\t\t\t\t<\/div>\n\t\t\t\t<div class=\"elementor-element elementor-element-2f1c692 elementor-widget elementor-widget-image\" data-id=\"2f1c692\" data-element_type=\"widget\" data-widget_type=\"image.default\">\n\t\t\t\t<div class=\"elementor-widget-container\">\n\t\t\t\t\t\t\t\t\t\t\t\t\t<img decoding=\"async\" width=\"243\" height=\"48\" src=\"https:\/\/cresco-neuchatel.ch\/wp-content\/uploads\/2019\/06\/icons_list.svg\" class=\"attachment-full size-full wp-image-30349\" alt=\"Cresco Neuch\u00e2tel\" sizes=\"(max-width: 34.9rem) calc(100vw - 2rem), (max-width: 53rem) calc(8 * (100vw \/ 12)), (min-width: 53rem) calc(6 * (100vw \/ 12)), 100vw\" \/>\t\t\t\t\t\t\t\t\t\t\t\t\t<\/div>\n\t\t\t\t<\/div>\n\t\t\t\t<div class=\"elementor-element elementor-element-8c0d23d elementor-widget elementor-widget-text-editor\" data-id=\"8c0d23d\" data-element_type=\"widget\" data-widget_type=\"text-editor.default\">\n\t\t\t\t<div class=\"elementor-widget-container\">\n\t\t\t\t\t\t\t<p>Todo est\u00e1 disponible en este sitio. \u00a1Bienvenidos y disfruten de la visita!<\/p>\n\t\t\t\t\t\t<\/div>\n\t\t\t\t<\/div>\n\t\t\t\t\t<\/div>\n\t\t<\/div>\n\t\t\t\t\t<\/div>\n\t\t<\/section>\n\t\t\t\t<\/div>\n\t\t","protected":false},"excerpt":{"rendered":"<p>Actualidades Ver todos los art\u00edculos Las guarder\u00edasinterculturales Cresco es crecer. Las estructuras de la primera infancia son lugares marcados por la diversidad. Diversidad de culturas, or\u00edgenes, recorridos. Diversidad de experiencias tambi\u00e9n. Para crecer e integrar la diversidad en el aprendizaje, el sitio web Cresco re\u00fane canciones, v\u00eddeos, libros, y un sinn\u00famero de otras cosas para &hellip; <\/p>\n<p class=\"link-more\"><a href=\"https:\/\/cresco-neuchatel.ch\/es\/\" class=\"more-link\">Seguir leyendo<span class=\"screen-reader-text\"> \u00abP\u00e1gina principal\u00bb<\/span><\/a><\/p>\n","protected":false},"author":1,"featured_media":0,"parent":0,"menu_order":0,"comment_status":"closed","ping_status":"closed","template":"elementor_header_footer","meta":{"inline_featured_image":false,"footnotes":""},"jetpack_sharing_enabled":true,"_links":{"self":[{"href":"https:\/\/cresco-neuchatel.ch\/es\/wp-json\/wp\/v2\/pages\/31361"}],"collection":[{"href":"https:\/\/cresco-neuchatel.ch\/es\/wp-json\/wp\/v2\/pages"}],"about":[{"href":"https:\/\/cresco-neuchatel.ch\/es\/wp-json\/wp\/v2\/types\/page"}],"author":[{"embeddable":true,"href":"https:\/\/cresco-neuchatel.ch\/es\/wp-json\/wp\/v2\/users\/1"}],"replies":[{"embeddable":true,"href":"https:\/\/cresco-neuchatel.ch\/es\/wp-json\/wp\/v2\/comments?post=31361"}],"version-history":[{"count":1,"href":"https:\/\/cresco-neuchatel.ch\/es\/wp-json\/wp\/v2\/pages\/31361\/revisions"}],"predecessor-version":[{"id":31362,"href":"https:\/\/cresco-neuchatel.ch\/es\/wp-json\/wp\/v2\/pages\/31361\/revisions\/31362"}],"wp:attachment":[{"href":"https:\/\/cresco-neuchatel.ch\/es\/wp-json\/wp\/v2\/media?parent=31361"}],"curies":[{"name":"wp","href":"https:\/\/api.w.org\/{rel}","templated":true}]}}