{"id":31095,"date":"2020-01-22T09:33:01","date_gmt":"2020-01-22T08:33:01","guid":{"rendered":"https:\/\/cresco-neuchatel.ch\/the-parents-corner\/"},"modified":"2020-01-22T09:33:02","modified_gmt":"2020-01-22T08:33:02","slug":"the-parents-corner","status":"publish","type":"page","link":"https:\/\/cresco-neuchatel.ch\/en\/the-parents-corner\/","title":{"rendered":"The parents\u2019 corner"},"content":{"rendered":"\t\t<div data-elementor-type=\"wp-post\" data-elementor-id=\"31095\" class=\"elementor elementor-31095 elementor-28849\" data-elementor-post-type=\"page\">\n\t\t\t\t\t\t<section class=\"elementor-section elementor-top-section elementor-element elementor-element-2653f53 elementor-section-boxed elementor-section-height-default elementor-section-height-default\" data-id=\"2653f53\" data-element_type=\"section\">\n\t\t\t\t\t\t<div class=\"elementor-container elementor-column-gap-default\">\n\t\t\t\t\t<div class=\"elementor-column elementor-col-100 elementor-top-column elementor-element elementor-element-bac17d7\" data-id=\"bac17d7\" data-element_type=\"column\">\n\t\t\t<div class=\"elementor-widget-wrap elementor-element-populated\">\n\t\t\t\t\t\t<div class=\"elementor-element elementor-element-061517c titre-page elementor-widget elementor-widget-heading\" data-id=\"061517c\" data-element_type=\"widget\" data-widget_type=\"heading.default\">\n\t\t\t\t<div class=\"elementor-widget-container\">\n\t\t\t<h1 class=\"elementor-heading-title elementor-size-default\">The parents\u2019 corner<\/h1>\t\t<\/div>\n\t\t\t\t<\/div>\n\t\t\t\t<div class=\"elementor-element elementor-element-7a4559c sous-titre elementor-widget elementor-widget-text-editor\" data-id=\"7a4559c\" data-element_type=\"widget\" data-widget_type=\"text-editor.default\">\n\t\t\t\t<div class=\"elementor-widget-container\">\n\t\t\t\t\t\t\t<p>Resources, help, useful links, for curious parents<\/p>\n\t\t\t\t\t\t<\/div>\n\t\t\t\t<\/div>\n\t\t\t\t<div class=\"elementor-element elementor-element-31848bc elementor-widget elementor-widget-image\" data-id=\"31848bc\" data-element_type=\"widget\" data-widget_type=\"image.default\">\n\t\t\t\t<div class=\"elementor-widget-container\">\n\t\t\t\t\t\t\t\t\t\t\t\t\t<img decoding=\"async\" width=\"1\" height=\"1\" src=\"https:\/\/cresco-neuchatel.ch\/wp-content\/uploads\/2019\/07\/icon_parents_list.svg\" class=\"attachment-large size-large wp-image-30936\" alt=\"The parents\u2019 corner\" sizes=\"(max-width: 34.9rem) calc(100vw - 2rem), (max-width: 53rem) calc(8 * (100vw \/ 12)), (min-width: 53rem) calc(6 * (100vw \/ 12)), 100vw\" \/>\t\t\t\t\t\t\t\t\t\t\t\t\t<\/div>\n\t\t\t\t<\/div>\n\t\t\t\t\t<\/div>\n\t\t<\/div>\n\t\t\t\t\t<\/div>\n\t\t<\/section>\n\t\t\t\t<section class=\"elementor-section elementor-top-section elementor-element elementor-element-75a28b2 elementor-section-boxed elementor-section-height-default elementor-section-height-default\" data-id=\"75a28b2\" data-element_type=\"section\">\n\t\t\t\t\t\t<div class=\"elementor-container elementor-column-gap-default\">\n\t\t\t\t\t<div class=\"elementor-column elementor-col-100 elementor-top-column elementor-element elementor-element-87f343e\" data-id=\"87f343e\" data-element_type=\"column\">\n\t\t\t<div class=\"elementor-widget-wrap elementor-element-populated\">\n\t\t\t\t\t\t<div class=\"elementor-element elementor-element-18c2f7d elementor-widget elementor-widget-accordion\" data-id=\"18c2f7d\" data-element_type=\"widget\" data-widget_type=\"accordion.default\">\n\t\t\t\t<div class=\"elementor-widget-container\">\n\t\t\t\t\t<div class=\"elementor-accordion\">\n\t\t\t\t\t\t\t<div class=\"elementor-accordion-item\">\n\t\t\t\t\t<div id=\"elementor-tab-title-2591\" class=\"elementor-tab-title\" data-tab=\"1\" role=\"button\" aria-controls=\"elementor-tab-content-2591\" aria-expanded=\"false\">\n\t\t\t\t\t\t\t\t\t\t\t\t\t<span class=\"elementor-accordion-icon elementor-accordion-icon-left\" aria-hidden=\"true\">\n\t\t\t\t\t\t\t\t\t\t\t\t\t\t\t<span class=\"elementor-accordion-icon-closed\"><i class=\"fas fa-plus\"><\/i><\/span>\n\t\t\t\t\t\t\t\t<span class=\"elementor-accordion-icon-opened\"><i class=\"fas fa-minus\"><\/i><\/span>\n\t\t\t\t\t\t\t\t\t\t\t\t\t\t<\/span>\n\t\t\t\t\t\t\t\t\t\t\t\t<a class=\"elementor-accordion-title\" tabindex=\"0\">Preparation to birth and parenthood <\/a>\n\t\t\t\t\t<\/div>\n\t\t\t\t\t<div id=\"elementor-tab-content-2591\" class=\"elementor-tab-content elementor-clearfix\" data-tab=\"1\" role=\"region\" aria-labelledby=\"elementor-tab-title-2591\"><p>Birth preparation classes are offered by different partners in various languages:<\/p>\n<ul style=\"padding: 0; margin: 0;\">\n<li><a href=\"https:\/\/www.h-ne.ch\/maternite\" target=\"_blank\" rel=\"noopener\">Maternity service of the hospital of Neuch\u00e2tel <\/a><\/li>\n<li><a href=\"https:\/\/www.ne.ch\/autorites\/DFS\/SCSP\/Documents\/PAN_Francais_2019bis.pdf\" target=\"_blank\" rel=\"noopener\">Birth preparation for migrant women<\/a><\/li>\n<li><a href=\"https:\/\/www.ne-sens.ch\/prestations.html\" target=\"_blank\" rel=\"noopener\">Pregnancy follow-up by the Mobile Midwives Association <\/a><\/li>\n<\/ul>\n<p><span style=\"font-size: 1.5vw;\">Adoption and foster families<\/span><\/p>\n<ul style=\"padding: 0; margin: 0;\">\n<li><a href=\"https:\/\/www.ne.ch\/autorites\/DEF\/SPAJ\/protection-enfant\/Pages\/Adoption.aspx\" target=\"_blank\" rel=\"noopener\">To obtain preliminary information on adoption procedures<\/a><\/li>\n<li>The Adoption and Foster Families Association <a href=\"https:\/\/www.adoptons-nous.ch\/\" target=\"_blank\" rel=\"noopener\">Adoptons-nous<\/a> offers a place for exchange, listening, support, thinking, and training, intended for all the persons concerned by adoption and fostering.<\/li>\n<\/ul>\n<\/div>\n\t\t\t\t<\/div>\n\t\t\t\t\t\t\t<div class=\"elementor-accordion-item\">\n\t\t\t\t\t<div id=\"elementor-tab-title-2592\" class=\"elementor-tab-title\" data-tab=\"2\" role=\"button\" aria-controls=\"elementor-tab-content-2592\" aria-expanded=\"false\">\n\t\t\t\t\t\t\t\t\t\t\t\t\t<span class=\"elementor-accordion-icon elementor-accordion-icon-left\" aria-hidden=\"true\">\n\t\t\t\t\t\t\t\t\t\t\t\t\t\t\t<span class=\"elementor-accordion-icon-closed\"><i class=\"fas fa-plus\"><\/i><\/span>\n\t\t\t\t\t\t\t\t<span class=\"elementor-accordion-icon-opened\"><i class=\"fas fa-minus\"><\/i><\/span>\n\t\t\t\t\t\t\t\t\t\t\t\t\t\t<\/span>\n\t\t\t\t\t\t\t\t\t\t\t\t<a class=\"elementor-accordion-title\" tabindex=\"0\">The baby\u2019s arrival <\/a>\n\t\t\t\t\t<\/div>\n\t\t\t\t\t<div id=\"elementor-tab-content-2592\" class=\"elementor-tab-content elementor-clearfix\" data-tab=\"2\" role=\"region\" aria-labelledby=\"elementor-tab-title-2592\"><p>A few administrative procedures you need to remember:<\/p>\n<ul style=\"padding: 0; margin: 0;\">\n<li><a href=\"https:\/\/www.ch.ch\/fr\/naissance\/\" target=\"_blank\" rel=\"noopener\">https:\/\/www.ch.ch\/fr\/naissance\/<\/a><\/li>\n<\/ul>\n<p>Midwives and early childhood nurses: for the baby\u2019s very first moments<\/p>\n<ul style=\"padding: 0; margin: 0;\">\n<li><a href=\"https:\/\/www.ne-sens.ch\/sages-femmes.html\" target=\"_blank\" rel=\"noopener\">Immediately after leaving the maternity hospital, follow-up by the Mobile Midwives Association<\/a><\/li>\n<li><a href=\"https:\/\/www.votresagefemme.ch\/\" target=\"_blank\" rel=\"noopener\">Swiss Midwives Federation <\/a><\/li>\n<li><a href=\"https:\/\/croix-rouge-ne.ch\/services\/infirmieres-petite-enfance\/\" target=\"_blank\" rel=\"noopener\">Early childhood nurses<\/a><\/li>\n<\/ul>\n<p>The couple and the baby\u2019s arrival :<\/p>\n<ul style=\"padding: 0; margin: 0;\">\n<li><a href=\"https:\/\/csp.ch\/neuchatel\/services\/questions-de-couple\/\" target=\"_blank\" rel=\"noopener\">A place where you can talk about your family and marital concerns <\/a><\/li>\n<\/ul>\n<p>For future mothers :<br \/>\nSOS future mothers (SOS futures mamans) :<\/p>\n<ul style=\"padding: 0; margin: 0;\">\n<li><a href=\"http:\/\/www.sosfuturesmamans.org\/mo\/mamans\/\" target=\"_blank\" rel=\"noopener\">Neuch\u00e2tel Mountains (Montagnes neuch\u00e2teloises)<\/a><\/li>\n<li><a href=\"http:\/\/www.sosfuturesmamans.org\/nc\/mamans\/\" target=\"_blank\" rel=\"noopener\">Neuch\u00e2tel Coastline (Littoral neuch\u00e2telois)<\/a><\/li>\n<\/ul>\n<p>For fathers :<\/p>\n<ul style=\"padding: 0; margin: 0;\">\n<li><a href=\"http:\/\/www.mcpn.ch\/mcpn-accueil.html\" target=\"_blank\" rel=\"noopener\">http:\/\/www.mcpn.ch\/mcpn-accueil.html<\/a><\/li>\n<\/ul>\n<p>For young parents :<\/p>\n<ul style=\"padding: 0; margin: 0;\">\n<li><a href=\"https:\/\/www.jeunesparents.ch\/ass\/contact-personnel-par-region\" target=\"_blank\" rel=\"noopener\">https:\/\/www.jeunesparents.ch\/ass\/contact-personnel-par-region<\/a><\/li>\n<\/ul>\n<\/div>\n\t\t\t\t<\/div>\n\t\t\t\t\t\t\t<div class=\"elementor-accordion-item\">\n\t\t\t\t\t<div id=\"elementor-tab-title-2593\" class=\"elementor-tab-title\" data-tab=\"3\" role=\"button\" aria-controls=\"elementor-tab-content-2593\" aria-expanded=\"false\">\n\t\t\t\t\t\t\t\t\t\t\t\t\t<span class=\"elementor-accordion-icon elementor-accordion-icon-left\" aria-hidden=\"true\">\n\t\t\t\t\t\t\t\t\t\t\t\t\t\t\t<span class=\"elementor-accordion-icon-closed\"><i class=\"fas fa-plus\"><\/i><\/span>\n\t\t\t\t\t\t\t\t<span class=\"elementor-accordion-icon-opened\"><i class=\"fas fa-minus\"><\/i><\/span>\n\t\t\t\t\t\t\t\t\t\t\t\t\t\t<\/span>\n\t\t\t\t\t\t\t\t\t\t\t\t<a class=\"elementor-accordion-title\" tabindex=\"0\">Daily growing up<\/a>\n\t\t\t\t\t<\/div>\n\t\t\t\t\t<div id=\"elementor-tab-content-2593\" class=\"elementor-tab-content elementor-clearfix\" data-tab=\"3\" role=\"region\" aria-labelledby=\"elementor-tab-title-2593\"><p>Managing emergency situations, first aid :<\/p>\n<ul class=\"ul1\" style=\"padding: 0; margin: 0;\">\n<li class=\"li2\"><a href=\"https:\/\/www.redcross-edu.ch\/fr\/urgences-chez-les-enfants\" target=\"_blank\" rel=\"noopener\">www.redcross-edu.ch\/fr\/urgences-chez-les-enfants<\/a><\/li>\n<li class=\"li2\"><a href=\"http:\/\/www.samaritains-ne.ch\/urgences-chez-les-petits-enfants-cours-individuel\/\" target=\"_blank\" rel=\"noopener\">www.samaritains-ne.ch\/urgences-chez-les-petits-enfants-cours-individuel\/<\/a><\/li>\n<\/ul>\n<p>Let\u2019s communicate together<\/p>\n<p>Language:<\/p>\n<ul class=\"ul1\" style=\"padding: 0; margin: 0;\">\n<li class=\"li2\"><a href=\"http:\/\/signons-ensemble.ch\/index.html\" target=\"_blank\" rel=\"noopener\">Communicating before language<\/a><\/li>\n<li class=\"li2\"><a href=\"https:\/\/www.kinder-4.ch\/fr\/start\" target=\"_blank\" rel=\"noopener\">Child development and learning before the age of 4 <\/a><\/li>\n<\/ul>\n<p>Listening :<\/p>\n<ul style=\"padding: 0; margin: 0;\">\n<li><a href=\"http:\/\/ceden.ch\/sample-page\/\" target=\"_blank\" rel=\"noopener\">Listening Centre, based on A. Tomatis\u2019 method<\/a><\/li>\n<\/ul>\n<p>Reading :<\/p>\n<ul class=\"ul1\" style=\"padding: 0; margin: 0;\">\n<li class=\"li1\"><a href=\"http:\/\/www.pip-ne.ch\/\" target=\"_blank\" rel=\"noopener\">The Association for the Prevention of illiteracy at preschool (Association Pr\u00e9vention de l&#8217;illettrisme au pr\u00e9scolaire, PIP) encourages every adult to read and tell stories to children from the cradle The Young people\u2019s library <\/a><\/li>\n<li class=\"li1\">La Croix-Rouge neuch\u00e2teloise :\u00a0<a href=\"https:\/\/croix-rouge-ne.ch\/services\/animations-lecture\/\" target=\"_blank\" rel=\"noopener\">animations lecture<\/a>\u00a0pour les enfants jusqu&#8217;\u00e0 4 ans<\/li>\n<li class=\"li2\"><a href=\"http:\/\/biblio-jeunes.chaux-de-fonds.ch\/bjcf\/enfants-ados\/Pages\/enfants-ados.aspx\" target=\"_blank\" rel=\"noopener\">Biblioth\u00e8que des Jeunes<\/a><\/li>\n<\/ul>\n<p>Children with disabilities :<\/p>\n<ul class=\"ul1\" style=\"padding: 0; margin: 0;\">\n<li class=\"li1\"><a href=\"http:\/\/www.perce-neige.ch\/prestations\/personne-mineure-en-situation-de-handicap\/\" target=\"_blank\" rel=\"noopener\">www.perce-neige.ch\/prestations\/personne-mineure-en-situation-de-handicap<\/a><\/li>\n<li class=\"li2\"><a href=\"http:\/\/www.insieme-ne.ch\/services\/conseils.php\" target=\"_blank\" rel=\"noopener\">Neuch\u00e2tel Association for the Parents of Mentally Disabled Persons (Association Neuch\u00e2teloise de Parents de Personnes Mentalement handicap\u00e9es), Insieme Neuch\u00e2tel<\/a><\/li>\n<\/ul>\n<p>Bereavement, parental separation, parental illness:<\/p>\n<ul style=\"padding: 0; margin: 0;\">\n<li><a href=\"https:\/\/www.astrame.ch\/neuchatel.html\" target=\"_blank\" rel=\"noopener\">As\u2019trame supports families affected by the loss of a loved one, parental separation, serious illness, or the mental vulnerability of a parent, with specific attention to the needs of children and teenagers.<\/a><\/li>\n<\/ul>\n<p>Educational, relational, social and\/or financial difficulties :<\/p>\n<ul class=\"ul1\" style=\"padding: 0; margin: 0;\">\n<li class=\"li1\"><a href=\"http:\/\/www.proju-arc.ch\/aide\/\" target=\"_blank\" rel=\"noopener\">Pro Juventute helps children, youngsters and families who are in need<\/a><\/li>\n<li class=\"li2\"><a href=\"http:\/\/www.fondation-carrefour.net\/?page_id=19\" target=\"_blank\" rel=\"noopener\">Educational action in open environments <\/a><a href=\"https:\/\/www.ne.ch\/autorites\/DEF\/SPAJ\/protection-enfant\/Pages\/Maltraitance.aspx\" target=\"_blank\" rel=\"noopener\">Mistreatment of minors<\/a><\/li>\n<\/ul>\n<\/div>\n\t\t\t\t<\/div>\n\t\t\t\t\t\t\t<div class=\"elementor-accordion-item\">\n\t\t\t\t\t<div id=\"elementor-tab-title-2594\" class=\"elementor-tab-title\" data-tab=\"4\" role=\"button\" aria-controls=\"elementor-tab-content-2594\" aria-expanded=\"false\">\n\t\t\t\t\t\t\t\t\t\t\t\t\t<span class=\"elementor-accordion-icon elementor-accordion-icon-left\" aria-hidden=\"true\">\n\t\t\t\t\t\t\t\t\t\t\t\t\t\t\t<span class=\"elementor-accordion-icon-closed\"><i class=\"fas fa-plus\"><\/i><\/span>\n\t\t\t\t\t\t\t\t<span class=\"elementor-accordion-icon-opened\"><i class=\"fas fa-minus\"><\/i><\/span>\n\t\t\t\t\t\t\t\t\t\t\t\t\t\t<\/span>\n\t\t\t\t\t\t\t\t\t\t\t\t<a class=\"elementor-accordion-title\" tabindex=\"0\">Parent-child activities and gathering places <\/a>\n\t\t\t\t\t<\/div>\n\t\t\t\t\t<div id=\"elementor-tab-content-2594\" class=\"elementor-tab-content elementor-clearfix\" data-tab=\"4\" role=\"region\" aria-labelledby=\"elementor-tab-title-2594\"><h2 style=\"padding: 0; margin: 0;\">Parent-child activities<\/h2>\n<ul style=\"padding: 0; margin: 0;\">\n<li><a href=\"https:\/\/www.neuchatelfamille.ch\/N285598\/activites-parent-enfant-des-18-mois.html?M=602075\" target=\"_blank\" rel=\"noopener\">Some activity ideas for parents and children <\/a><\/li>\n<li><a href=\"http:\/\/lebalkkon.ch\/\" target=\"_blank\" rel=\"noopener\">Regional culture promoted by activities, in particular for families<\/a><\/li>\n<\/ul>\n<h2>Gathering places<\/h2>\n<p style=\"padding: 0; margin: 0;\">Neuch\u00e2tel :<\/p>\n<ul style=\"padding: 0; margin: 0;\">\n<li><a href=\"https:\/\/www.eper.ch\/project-explorer\/espace-parents\" target=\"_blank\" rel=\"noopener\">The Parents\u2019 space of the EPER in Neuch\u00e2tel offers a place for the listening, counselling and orientation of parents from all backgrounds who encounter difficulties in their daily procedures<\/a><\/li>\n<li>For all children from birth to the age of 5.<br \/>\nA space to play, explore, move, talk, laugh, discover life in society. For accompanying parents, a moment to exchange, relax, question (oneself), discover, watch, play with one\u2019s child, meet other parents <a href=\"https:\/\/www.lacourteechelle.ch\/\" target=\"_blank\" rel=\"noopener\">www.lacourteechelle.ch<\/a><\/li>\n<li>Point de rencontre organises the exercise of visiting rights between parents and children in the case of conflict separations, so that the child can preserve her\/his relationship or reconnect with the parent with whom she\/he does not live: <a href=\"http:\/\/www.enfvie.ch\/point-rencontre\/\" target=\"_blank\" rel=\"noopener\">www.enfvie.ch\/point-rencontre<\/a><\/li>\n<\/ul>\n<p style=\"padding: 0; margin: 0;\">La Chaux-de-Fonds :<\/p>\n<ul style=\"padding: 0; margin: 0;\">\n<li><a href=\"http:\/\/www.association-la-trottinette.ch\/\" target=\"_blank\" rel=\"noopener\">La Trottinette <\/a>: A childcare structure in La Chaux-de-Fonds for children from birth to the age of 4, accompanied by an adult. This structure is supported by a team of professionals and is open to everyone without prior registration<\/li>\n<li><a href=\"https:\/\/croix-rouge-ne.ch\/services\/le-patio\/\" target=\"_blank\" rel=\"noopener\">Le\u00a0Patio<\/a>\u00a0: un espace o\u00f9 les parents peuvent venir partager leurs exp\u00e9riences, leurs questions et leurs craintes par rapport \u00e0 l&#8217;\u00e9ducation de leur(s) enfant(s).<\/li>\n<li><\/li>\n<\/ul>\n<\/div>\n\t\t\t\t<\/div>\n\t\t\t\t\t\t\t<div class=\"elementor-accordion-item\">\n\t\t\t\t\t<div id=\"elementor-tab-title-2595\" class=\"elementor-tab-title\" data-tab=\"5\" role=\"button\" aria-controls=\"elementor-tab-content-2595\" aria-expanded=\"false\">\n\t\t\t\t\t\t\t\t\t\t\t\t\t<span class=\"elementor-accordion-icon elementor-accordion-icon-left\" aria-hidden=\"true\">\n\t\t\t\t\t\t\t\t\t\t\t\t\t\t\t<span class=\"elementor-accordion-icon-closed\"><i class=\"fas fa-plus\"><\/i><\/span>\n\t\t\t\t\t\t\t\t<span class=\"elementor-accordion-icon-opened\"><i class=\"fas fa-minus\"><\/i><\/span>\n\t\t\t\t\t\t\t\t\t\t\t\t\t\t<\/span>\n\t\t\t\t\t\t\t\t\t\t\t\t<a class=\"elementor-accordion-title\" tabindex=\"0\">Out-of-home care <\/a>\n\t\t\t\t\t<\/div>\n\t\t\t\t\t<div id=\"elementor-tab-content-2595\" class=\"elementor-tab-content elementor-clearfix\" data-tab=\"5\" role=\"region\" aria-labelledby=\"elementor-tab-title-2595\"><ul class=\"ul1\">\n<li class=\"li1\"><a href=\"https:\/\/croix-rouge-ne.ch\/services\/garde-enfants-a-domicile\/\" target=\"_blank\" rel=\"noopener\"><span class=\"s1\">Emergency care services<\/span><\/a><\/li>\n<li class=\"li1\"><a href=\"http:\/\/www.mamansdejour.ch\/\" target=\"_blank\" rel=\"noopener\"><span class=\"s1\">Live-out nannies<\/span><\/a><\/li>\n<li class=\"li1\"><a href=\"https:\/\/www.ne.ch\/autorites\/DEF\/SPAJ\/accueil-extrafamilial\/Pages\/parents.aspx\" target=\"_blank\" rel=\"noopener\"><span class=\"s1\">Information on day nursery registrations<\/span><\/a><\/li>\n<\/ul>\n<h2 style=\"padding: 0; margin: 0;\">List of day nurseries in the canton of Neuch\u00e2tel<\/h2>\n<ul style=\"padding: 0; margin: 0;\">\n<li><a href=\"https:\/\/www.ne.ch\/autorites\/DEF\/SPAJ\/accueil-extrafamilial\/Documents\/Structures_creches.pdf\" target=\"_blank\" rel=\"noopener\">www.ne.ch\/autorites\/DEF\/SPAJ\/accueil-extrafamilial\/Documents\/Structures_creches.pdf<\/a><\/li>\n<\/ul>\n<\/div>\n\t\t\t\t<\/div>\n\t\t\t\t\t\t\t<div class=\"elementor-accordion-item\">\n\t\t\t\t\t<div id=\"elementor-tab-title-2596\" class=\"elementor-tab-title\" data-tab=\"6\" role=\"button\" aria-controls=\"elementor-tab-content-2596\" aria-expanded=\"false\">\n\t\t\t\t\t\t\t\t\t\t\t\t\t<span class=\"elementor-accordion-icon elementor-accordion-icon-left\" aria-hidden=\"true\">\n\t\t\t\t\t\t\t\t\t\t\t\t\t\t\t<span class=\"elementor-accordion-icon-closed\"><i class=\"fas fa-plus\"><\/i><\/span>\n\t\t\t\t\t\t\t\t<span class=\"elementor-accordion-icon-opened\"><i class=\"fas fa-minus\"><\/i><\/span>\n\t\t\t\t\t\t\t\t\t\t\t\t\t\t<\/span>\n\t\t\t\t\t\t\t\t\t\t\t\t<a class=\"elementor-accordion-title\" tabindex=\"0\">Starting school<\/a>\n\t\t\t\t\t<\/div>\n\t\t\t\t\t<div id=\"elementor-tab-content-2596\" class=\"elementor-tab-content elementor-clearfix\" data-tab=\"6\" role=\"region\" aria-labelledby=\"elementor-tab-title-2596\"><h2 style=\"padding: 0; margin: 0;\">List of schools in the canton of Neuch\u00e2tel<\/h2>\n<ul style=\"padding: 0; margin: 0;\">\n<li><a href=\"https:\/\/www.ne.ch\/autorites\/DEF\/SEEO\/infos\/Pages\/ListeEcoles.aspx\" target=\"_blank\" rel=\"noopener\">www.ne.ch\/autorites\/DEF\/SEEO\/infos\/Pages\/ListeEcoles.aspx<\/a><\/li>\n<\/ul>\n<\/div>\n\t\t\t\t<\/div>\n\t\t\t\t\t\t\t<div class=\"elementor-accordion-item\">\n\t\t\t\t\t<div id=\"elementor-tab-title-2597\" class=\"elementor-tab-title\" data-tab=\"7\" role=\"button\" aria-controls=\"elementor-tab-content-2597\" aria-expanded=\"false\">\n\t\t\t\t\t\t\t\t\t\t\t\t\t<span class=\"elementor-accordion-icon elementor-accordion-icon-left\" aria-hidden=\"true\">\n\t\t\t\t\t\t\t\t\t\t\t\t\t\t\t<span class=\"elementor-accordion-icon-closed\"><i class=\"fas fa-plus\"><\/i><\/span>\n\t\t\t\t\t\t\t\t<span class=\"elementor-accordion-icon-opened\"><i class=\"fas fa-minus\"><\/i><\/span>\n\t\t\t\t\t\t\t\t\t\t\t\t\t\t<\/span>\n\t\t\t\t\t\t\t\t\t\t\t\t<a class=\"elementor-accordion-title\" tabindex=\"0\">Resources for new arrivals <\/a>\n\t\t\t\t\t<\/div>\n\t\t\t\t\t<div id=\"elementor-tab-content-2597\" class=\"elementor-tab-content elementor-clearfix\" data-tab=\"7\" role=\"region\" aria-labelledby=\"elementor-tab-title-2597\"><h2 style=\"padding: 0; margin: 0;\">Counsel and information by the Service for multicultural cohesion (Service de la coh\u00e9sion multiculturelle, COSM):<\/h2>\n<ul style=\"padding: 0; margin: 0;\">\n<li><a href=\"https:\/\/www.ne.ch\/autorites\/DEAS\/COSM\/conseil-information\/Pages\/accueil.aspx\" target=\"_blank\" rel=\"noopener\">www.ne.ch\/autorites\/DEAS\/COSM\/conseil-information\/Pages\/accueil.aspx<\/a><\/li>\n<\/ul>\n<h2 style=\"padding: 0; margin: 0;\">RECIF<\/h2>\n<ul style=\"padding: 0; margin: 0;\">\n<li class=\"li1\"><a href=\"https:\/\/recifne.ch\/cours-formation\/\" target=\"_blank\" rel=\"noopener\">Training courses for women <\/a><\/li>\n<li class=\"li1\"><a href=\"https:\/\/recifne.ch\/espace-enfants\/\" target=\"_blank\" rel=\"noopener\">Children\u2019s space. Free childcare system while the mother attends the lesson <\/a><\/li>\n<li class=\"li1\"><a href=\"https:\/\/recifne.ch\/rencontres-animation-socio-culturelle\/\" target=\"_blank\" rel=\"noopener\">The &#8220;gatherings and activities&#8221; area proposes varied activities with the aim to gather women from different backgrounds <\/a><\/li>\n<\/ul>\n<h2 style=\"padding: 0; margin: 0;\">French lessons by the school Mosa\u00efque<\/h2>\n<ul style=\"padding: 0; margin: 0;\">\n<li><a href=\"http:\/\/ecolemosaique.ch\/offres\/\" target=\"_blank\" rel=\"noopener\">ecolemosaique.ch\/offres\/<\/a><\/li>\n<\/ul>\n<h2 style=\"padding: 0; margin: 0;\">Language school &#8211; integration and openness (Ecole de langue int\u00e9gration et ouverture, ELIO)<\/h2>\n<ul style=\"padding: 0; margin: 0;\">\n<li><a href=\"http:\/\/www.ecolelio.ch\/enseignement.html#niveaux\" target=\"_blank\" rel=\"noopener\">www.ecolelio.ch\/enseignement.html#niveaux<\/a><\/li>\n<\/ul>\n<h2 style=\"padding: 0; margin: 0;\">French working sessions at Caritas<\/h2>\n<ul style=\"padding: 0; margin: 0;\">\n<li><a href=\"https:\/\/www.caritas-neuchatel.ch\/nos-prestations\/atelier-de-francais\" target=\"_blank\" rel=\"noopener\">www.caritas-neuchatel.ch\/nos-prestations\/atelier-de-francais<\/a><\/li>\n<\/ul>\n<h2 style=\"padding: 0; margin: 0;\">French lessons by the CEFNA<\/h2>\n<ul style=\"padding: 0; margin: 0;\">\n<li><a href=\"https:\/\/www.cefna.ch\/formation\/ana-francais-adultes-de-langue-etrangere\/\" target=\"_blank\" rel=\"noopener\">www.cefna.ch\/formation\/ana-francais-adultes-de-langue-etrangere\/<\/a><\/li>\n<\/ul>\n<h2 style=\"padding: 0; margin: 0;\">Integration and civic knowledge programme proposed by the Service for multicultural cohesion (Service de la coh\u00e9sion multiculturelle (COSM)<\/h2>\n<ul style=\"padding: 0; margin: 0;\">\n<li><a href=\"https:\/\/www.ne.ch\/autorites\/DEAS\/COSM\/cours-formations\/Pages\/Programme-d'int%C3%A9gration-et-de-connaissances-civiques.aspx\" target=\"_blank\" rel=\"noopener\">www.ne.ch\/autorites\/DEAS\/COSM\/cours-formations\/Pages\/Programme-d&#8217;int%C3%A9gration-et-de-connaissances-civiques.aspx<\/a><\/li>\n<\/ul>\n<\/div>\n\t\t\t\t<\/div>\n\t\t\t\t\t\t\t\t<\/div>\n\t\t\t\t<\/div>\n\t\t\t\t<\/div>\n\t\t\t\t\t<\/div>\n\t\t<\/div>\n\t\t\t\t\t<\/div>\n\t\t<\/section>\n\t\t\t\t<\/div>\n\t\t","protected":false},"excerpt":{"rendered":"<p>The parents\u2019 corner Resources, help, useful links, for curious parents Preparation to birth and parenthood Birth preparation classes are offered by different partners in various languages: Maternity service of the hospital of Neuch\u00e2tel Birth preparation for migrant women Pregnancy follow-up by the Mobile Midwives Association Adoption and foster families To obtain preliminary information on adoption &hellip; <\/p>\n<p class=\"link-more\"><a href=\"https:\/\/cresco-neuchatel.ch\/en\/the-parents-corner\/\" class=\"more-link\">Continue reading<span class=\"screen-reader-text\"> &#8220;The parents\u2019 corner&#8221;<\/span><\/a><\/p>\n","protected":false},"author":1,"featured_media":0,"parent":0,"menu_order":0,"comment_status":"closed","ping_status":"closed","template":"elementor_header_footer","meta":{"inline_featured_image":false,"footnotes":""},"jetpack_sharing_enabled":true,"_links":{"self":[{"href":"https:\/\/cresco-neuchatel.ch\/en\/wp-json\/wp\/v2\/pages\/31095"}],"collection":[{"href":"https:\/\/cresco-neuchatel.ch\/en\/wp-json\/wp\/v2\/pages"}],"about":[{"href":"https:\/\/cresco-neuchatel.ch\/en\/wp-json\/wp\/v2\/types\/page"}],"author":[{"embeddable":true,"href":"https:\/\/cresco-neuchatel.ch\/en\/wp-json\/wp\/v2\/users\/1"}],"replies":[{"embeddable":true,"href":"https:\/\/cresco-neuchatel.ch\/en\/wp-json\/wp\/v2\/comments?post=31095"}],"version-history":[{"count":1,"href":"https:\/\/cresco-neuchatel.ch\/en\/wp-json\/wp\/v2\/pages\/31095\/revisions"}],"predecessor-version":[{"id":31096,"href":"https:\/\/cresco-neuchatel.ch\/en\/wp-json\/wp\/v2\/pages\/31095\/revisions\/31096"}],"wp:attachment":[{"href":"https:\/\/cresco-neuchatel.ch\/en\/wp-json\/wp\/v2\/media?parent=31095"}],"curies":[{"name":"wp","href":"https:\/\/api.w.org\/{rel}","templated":true}]}}